      {"id":701,"date":"2025-10-22T10:47:01","date_gmt":"2025-10-22T10:47:01","guid":{"rendered":"https:\/\/prueba.jabutec.com.do\/?product=driver-100w-48v-tx1840-100-p-riel-magnetico-8-amp"},"modified":"2026-01-09T22:23:26","modified_gmt":"2026-01-09T22:23:26","slug":"driver-100w-48v-tx1840-100-p-riel-magnetico-8-amp","status":"publish","type":"product","link":"https:\/\/evolucionbmp.com\/?product=driver-100w-48v-tx1840-100-p-riel-magnetico-8-amp","title":{"rendered":"Driver 100W 48V TX1840-100 P\/ RIEL MAGN\u00c9TICO. 8 amp"},"content":{"rendered":"<p style=\"margin: 0px;padding: 0px;max-width: 100%;line-height: 1.2em\"><span style=\"max-width: 100%;font-size: 22px\"><strong style=\"max-width: 100%\"><font dir=\"auto\" style=\"max-width: 100%;vertical-align: inherit\">Uso de la funci\u00f3n:<\/font><\/strong><\/span><\/p>\n<p style=\"margin: 0px;padding: 0px;max-width: 100%\"><font dir=\"auto\" style=\"max-width: 100%;vertical-align: inherit\">El dise\u00f1o distintivo y reemplazable de las luces de riel flexibles ser\u00e1, sin duda, una herramienta de marketing muy popular en todos los mercados. Evolucion se dedica a ofrecer a sus estimados clientes el mejor servicio y a introducir los mejores productos en el mercado. Estamos convencidos de que clientes y pa\u00edses valorar\u00e1n nuestra oferta. Para usted, las luces de riel son la mejor opci\u00f3n.<\/font><\/p>\n<p style=\"margin: 0px;padding: 0px;max-width: 100%\"><br style=\"max-width: 100%;font-family: Poppins\"><\/p>\n","protected":false},"excerpt":{"rendered":"<p>Fuente de alimentaci\u00f3n (Driver) de 100W y 48V DC (hasta 8A) espec\u00edfica para sistemas de riel magn\u00e9tico.<\/p>\n","protected":false},"featured_media":1972,"template":"","meta":[],"product_brand":[],"product_cat":[72,78,127],"product_tag":[],"class_list":{"0":"post-701","1":"product","2":"type-product","3":"status-publish","4":"has-post-thumbnail","6":"product_cat-cinta-tranzada-para-iluminacion","7":"product_cat-drivers","8":"product_cat-noti-evo","10":"first","11":"instock","12":"shipping-taxable","13":"product-type-simple"},"_links":{"self":[{"href":"https:\/\/evolucionbmp.com\/index.php?rest_route=\/wp\/v2\/product\/701","targetHints":{"allow":["GET"]}}],"collection":[{"href":"https:\/\/evolucionbmp.com\/index.php?rest_route=\/wp\/v2\/product"}],"about":[{"href":"https:\/\/evolucionbmp.com\/index.php?rest_route=\/wp\/v2\/types\/product"}],"wp:featuredmedia":[{"embeddable":true,"href":"https:\/\/evolucionbmp.com\/index.php?rest_route=\/wp\/v2\/media\/1972"}],"wp:attachment":[{"href":"https:\/\/evolucionbmp.com\/index.php?rest_route=%2Fwp%2Fv2%2Fmedia&parent=701"}],"wp:term":[{"taxonomy":"product_brand","embeddable":true,"href":"https:\/\/evolucionbmp.com\/index.php?rest_route=%2Fwp%2Fv2%2Fproduct_brand&post=701"},{"taxonomy":"product_cat","embeddable":true,"href":"https:\/\/evolucionbmp.com\/index.php?rest_route=%2Fwp%2Fv2%2Fproduct_cat&post=701"},{"taxonomy":"product_tag","embeddable":true,"href":"https:\/\/evolucionbmp.com\/index.php?rest_route=%2Fwp%2Fv2%2Fproduct_tag&post=701"}],"curies":[{"name":"wp","href":"https:\/\/api.w.org\/{rel}","templated":true}]}}