      {"id":676,"date":"2025-10-22T10:45:28","date_gmt":"2025-10-22T10:45:28","guid":{"rendered":"https:\/\/prueba.jabutec.com.do\/?product=correa-trenzada-rojo-20-mt-sobeu-27x2-6-rx01-10-48v-masixmo-de-150"},"modified":"2026-01-09T22:19:13","modified_gmt":"2026-01-09T22:19:13","slug":"correa-trenzada-rojo-20-mt-sobeu-27x2-6-rx01-10-48v-masixmo-de-150","status":"publish","type":"product","link":"https:\/\/evolucionbmp.com\/?product=correa-trenzada-rojo-20-mt-sobeu-27x2-6-rx01-10-48v-masixmo-de-150","title":{"rendered":"Correa trenzada rojo 20 mt SOBEU 27&#215;2.6 RX01-10 48V (masixmo de 150)"},"content":{"rendered":"<p style=\"margin: 0px;padding: 0px;max-width: 100%;line-height: 1.2em\"><span style=\"max-width: 100%;font-size: 22px\"><strong style=\"max-width: 100%\"><font dir=\"auto\" style=\"max-width: 100%;vertical-align: inherit\">Uso de la funci\u00f3n:<\/font><\/strong><\/span><\/p>\n<p style=\"margin: 0px;padding: 0px;max-width: 100%\"><font dir=\"auto\" style=\"max-width: 100%;vertical-align: inherit\">El dise\u00f1o distintivo y reemplazable de las luces de riel flexibles ser\u00e1, sin duda, una herramienta de marketing muy popular en todos los mercados. Oteshen se dedica a ofrecer a sus estimados clientes el mejor servicio y a introducir los mejores productos en el mercado. Estamos convencidos de que clientes y pa\u00edses valorar\u00e1n nuestra oferta. Para usted, las luces de riel Oteshen son la mejor opci\u00f3n.<\/font><\/p>\n<p style=\"margin: 0px;padding: 0px;max-width: 100%\"><br style=\"max-width: 100%;font-family: Poppins\"><\/p>\n","protected":false},"excerpt":{"rendered":"<p>Correa textil trenzada color rojo para sistema de iluminaci\u00f3n SOBEU. Rollo de 20 metros, 27&#215;2.6mm. Voltaje 48V, potencia m\u00e1xima 150W.<\/p>\n","protected":false},"featured_media":1957,"template":"","meta":[],"product_brand":[],"product_cat":[72,127],"product_tag":[],"class_list":{"0":"post-676","1":"product","2":"type-product","3":"status-publish","4":"has-post-thumbnail","6":"product_cat-cinta-tranzada-para-iluminacion","7":"product_cat-noti-evo","9":"first","10":"instock","11":"shipping-taxable","12":"product-type-simple"},"_links":{"self":[{"href":"https:\/\/evolucionbmp.com\/index.php?rest_route=\/wp\/v2\/product\/676","targetHints":{"allow":["GET"]}}],"collection":[{"href":"https:\/\/evolucionbmp.com\/index.php?rest_route=\/wp\/v2\/product"}],"about":[{"href":"https:\/\/evolucionbmp.com\/index.php?rest_route=\/wp\/v2\/types\/product"}],"wp:featuredmedia":[{"embeddable":true,"href":"https:\/\/evolucionbmp.com\/index.php?rest_route=\/wp\/v2\/media\/1957"}],"wp:attachment":[{"href":"https:\/\/evolucionbmp.com\/index.php?rest_route=%2Fwp%2Fv2%2Fmedia&parent=676"}],"wp:term":[{"taxonomy":"product_brand","embeddable":true,"href":"https:\/\/evolucionbmp.com\/index.php?rest_route=%2Fwp%2Fv2%2Fproduct_brand&post=676"},{"taxonomy":"product_cat","embeddable":true,"href":"https:\/\/evolucionbmp.com\/index.php?rest_route=%2Fwp%2Fv2%2Fproduct_cat&post=676"},{"taxonomy":"product_tag","embeddable":true,"href":"https:\/\/evolucionbmp.com\/index.php?rest_route=%2Fwp%2Fv2%2Fproduct_tag&post=676"}],"curies":[{"name":"wp","href":"https:\/\/api.w.org\/{rel}","templated":true}]}}