      {"id":604,"date":"2025-10-22T10:41:13","date_gmt":"2025-10-22T10:41:13","guid":{"rendered":"https:\/\/prueba.jabutec.com.do\/?product=bombillo-2700k-4w-e-27-b70159-vintage-a-60-ambar-110-130v-roomlux"},"modified":"2026-02-10T13:30:54","modified_gmt":"2026-02-10T13:30:54","slug":"bombillo-2700k-4w-e-27-b70159-vintage-a-60-ambar-110-130v-roomlux","status":"publish","type":"product","link":"https:\/\/evolucionbmp.com\/?product=bombillo-2700k-4w-e-27-b70159-vintage-a-60-ambar-110-130v-roomlux","title":{"rendered":"Bombillo 4w 2700k E-27 B70159 VINTAGE A-60 AMBAR 110-130V ROOMLUX"},"content":{"rendered":"<p><\/p>\n","protected":false},"excerpt":{"rendered":"<p>Bombillo LED Vintage A60 (est\u00e1ndar) Roomlux, 4W, luz c\u00e1lida \u00e1mbar 2700K. Base E-27. Voltaje 110-130V.<\/p>\n","protected":false},"featured_media":1922,"template":"","meta":[],"product_brand":[],"product_cat":[65],"product_tag":[],"class_list":{"0":"post-604","1":"product","2":"type-product","3":"status-publish","4":"has-post-thumbnail","6":"product_cat-bombillos-vintage","8":"first","9":"instock","10":"shipping-taxable","11":"product-type-simple"},"_links":{"self":[{"href":"https:\/\/evolucionbmp.com\/index.php?rest_route=\/wp\/v2\/product\/604","targetHints":{"allow":["GET"]}}],"collection":[{"href":"https:\/\/evolucionbmp.com\/index.php?rest_route=\/wp\/v2\/product"}],"about":[{"href":"https:\/\/evolucionbmp.com\/index.php?rest_route=\/wp\/v2\/types\/product"}],"wp:featuredmedia":[{"embeddable":true,"href":"https:\/\/evolucionbmp.com\/index.php?rest_route=\/wp\/v2\/media\/1922"}],"wp:attachment":[{"href":"https:\/\/evolucionbmp.com\/index.php?rest_route=%2Fwp%2Fv2%2Fmedia&parent=604"}],"wp:term":[{"taxonomy":"product_brand","embeddable":true,"href":"https:\/\/evolucionbmp.com\/index.php?rest_route=%2Fwp%2Fv2%2Fproduct_brand&post=604"},{"taxonomy":"product_cat","embeddable":true,"href":"https:\/\/evolucionbmp.com\/index.php?rest_route=%2Fwp%2Fv2%2Fproduct_cat&post=604"},{"taxonomy":"product_tag","embeddable":true,"href":"https:\/\/evolucionbmp.com\/index.php?rest_route=%2Fwp%2Fv2%2Fproduct_tag&post=604"}],"curies":[{"name":"wp","href":"https:\/\/api.w.org\/{rel}","templated":true}]}}