      {"id":5919,"date":"2026-04-14T00:48:20","date_gmt":"2026-04-14T00:48:20","guid":{"rendered":"https:\/\/evolucionbmp.com\/?post_type=product&#038;p=5919"},"modified":"2026-04-29T01:03:31","modified_gmt":"2026-04-29T01:03:31","slug":"aplique-pared-solar-b72322-3000k-0-3w-30-lm-roomlux","status":"publish","type":"product","link":"https:\/\/evolucionbmp.com\/?product=aplique-pared-solar-b72322-3000k-0-3w-30-lm-roomlux","title":{"rendered":"Aplique SOLAR B72322  3000K 0.3W 30 LM ROOMLUX"},"content":{"rendered":"<p><strong>Energ\u00eda solar:<\/strong> el panel policristalino solar tiene una alta tasa de conversi\u00f3n fotoel\u00e9ctrica y una velocidad de almacenamiento r\u00e1pida. Ten en cuenta que cuando lo uses por primera vez, coloca el producto solar bajo la luz solar directa durante 6-8 horas para cargarlo.<br \/>\n<strong>Materiales de alta calidad<\/strong>: la carcasa est\u00e1 hecha de pl\u00e1stico ABS de alta calidad, a prueba de polvo e impermeable, IP55, muy adecuado para terrazas, caminos, escaleras, entradas, jardines, etc. El panel solar es completamente impermeable, resistente a altas temperaturas y a prueba de golpes.<br \/>\nF\u00e1cil de instalar: no es necesario cablear, colgar o usar tornillos para instalar en un lugar ideal con mucha luz solar. Instala la l\u00e1mpara solar al sol para obtener un mejor efecto de carga. La altura de instalaci\u00f3n ideal es de aproximadamente 1,7 a 6.6 ft.<br \/>\nResistente al agua: dise\u00f1o impermeable y resistente al calor, IP55 completamente impermeable, se puede utilizar al aire libre sin preocupaciones.<br \/>\n<strong>Espacio aplicable<\/strong>: en el patio, en el jard\u00edn, en la valla, en la entrada, patio, pasillo, porche, nuestras luces solares negras han sido especialmente probadas y empaquetadas para satisfacer tus necesidades de iluminaci\u00f3n.<\/p>\n","protected":false},"excerpt":{"rendered":"<p>L\u00e1mpara de pared para exteriores, energ\u00eda solar, IP55, impermeable, ahorro de energ\u00eda, luces de pared LED sin cableado, control de luz inteligente para patio y jard\u00edn<\/p>\n","protected":false},"featured_media":5958,"template":"","meta":[],"product_brand":[],"product_cat":[51],"product_tag":[],"class_list":{"0":"post-5919","1":"product","2":"type-product","3":"status-publish","4":"has-post-thumbnail","6":"product_cat-aplique-exterior","8":"first","9":"instock","10":"shipping-taxable","11":"product-type-simple"},"_links":{"self":[{"href":"https:\/\/evolucionbmp.com\/index.php?rest_route=\/wp\/v2\/product\/5919","targetHints":{"allow":["GET"]}}],"collection":[{"href":"https:\/\/evolucionbmp.com\/index.php?rest_route=\/wp\/v2\/product"}],"about":[{"href":"https:\/\/evolucionbmp.com\/index.php?rest_route=\/wp\/v2\/types\/product"}],"wp:featuredmedia":[{"embeddable":true,"href":"https:\/\/evolucionbmp.com\/index.php?rest_route=\/wp\/v2\/media\/5958"}],"wp:attachment":[{"href":"https:\/\/evolucionbmp.com\/index.php?rest_route=%2Fwp%2Fv2%2Fmedia&parent=5919"}],"wp:term":[{"taxonomy":"product_brand","embeddable":true,"href":"https:\/\/evolucionbmp.com\/index.php?rest_route=%2Fwp%2Fv2%2Fproduct_brand&post=5919"},{"taxonomy":"product_cat","embeddable":true,"href":"https:\/\/evolucionbmp.com\/index.php?rest_route=%2Fwp%2Fv2%2Fproduct_cat&post=5919"},{"taxonomy":"product_tag","embeddable":true,"href":"https:\/\/evolucionbmp.com\/index.php?rest_route=%2Fwp%2Fv2%2Fproduct_tag&post=5919"}],"curies":[{"name":"wp","href":"https:\/\/api.w.org\/{rel}","templated":true}]}}