      {"id":5847,"date":"2026-04-04T15:10:48","date_gmt":"2026-04-04T15:10:48","guid":{"rendered":"https:\/\/evolucionbmp.com\/?post_type=product&#038;p=5847"},"modified":"2026-04-05T14:24:26","modified_gmt":"2026-04-05T14:24:26","slug":"perfil-u-35-35-x-3-mt-aluminio-de-suspension","status":"publish","type":"product","link":"https:\/\/evolucionbmp.com\/?product=perfil-u-35-35-x-3-mt-aluminio-de-suspension","title":{"rendered":"Perfil U 35 * 35 x 3 mt aluminio de suspension"},"content":{"rendered":"","protected":false},"excerpt":{"rendered":"<p><span dir=\"auto\">Perfil extrusionado de gran tama\u00f1o para montaje en superficie, apto para una amplia gama de aplicaciones, entre las que se incluyen: iluminaci\u00f3n indirecta, iluminaci\u00f3n general de interiores, iluminaci\u00f3n de canaletas y muchas m\u00e1s.<\/span><\/p>\n<div><span dir=\"auto\">Adecuado para alojar hasta dos tiras LED (cada una con un ancho m\u00e1ximo de 13 mm si se montan en la parte inferior del perfil o de 11,5 mm si se montan en la bandeja met\u00e1lica). La bandeja met\u00e1lica permite montar las tiras LED m\u00e1s cerca del difusor, lo que reduce las p\u00e9rdidas de luz dentro de la extrusi\u00f3n (la luz ser\u00e1 m\u00e1s brillante) y aumenta el \u00e1ngulo de distribuci\u00f3n de la luz.<\/span><\/div>\n","protected":false},"featured_media":5846,"template":"","meta":[],"product_brand":[],"product_cat":[142],"product_tag":[],"class_list":{"0":"post-5847","1":"product","2":"type-product","3":"status-publish","4":"has-post-thumbnail","6":"product_cat-perfiles","8":"first","9":"instock","10":"shipping-taxable","11":"product-type-simple"},"_links":{"self":[{"href":"https:\/\/evolucionbmp.com\/index.php?rest_route=\/wp\/v2\/product\/5847","targetHints":{"allow":["GET"]}}],"collection":[{"href":"https:\/\/evolucionbmp.com\/index.php?rest_route=\/wp\/v2\/product"}],"about":[{"href":"https:\/\/evolucionbmp.com\/index.php?rest_route=\/wp\/v2\/types\/product"}],"wp:featuredmedia":[{"embeddable":true,"href":"https:\/\/evolucionbmp.com\/index.php?rest_route=\/wp\/v2\/media\/5846"}],"wp:attachment":[{"href":"https:\/\/evolucionbmp.com\/index.php?rest_route=%2Fwp%2Fv2%2Fmedia&parent=5847"}],"wp:term":[{"taxonomy":"product_brand","embeddable":true,"href":"https:\/\/evolucionbmp.com\/index.php?rest_route=%2Fwp%2Fv2%2Fproduct_brand&post=5847"},{"taxonomy":"product_cat","embeddable":true,"href":"https:\/\/evolucionbmp.com\/index.php?rest_route=%2Fwp%2Fv2%2Fproduct_cat&post=5847"},{"taxonomy":"product_tag","embeddable":true,"href":"https:\/\/evolucionbmp.com\/index.php?rest_route=%2Fwp%2Fv2%2Fproduct_tag&post=5847"}],"curies":[{"name":"wp","href":"https:\/\/api.w.org\/{rel}","templated":true}]}}