      {"id":5753,"date":"2026-03-24T20:38:35","date_gmt":"2026-03-24T20:38:35","guid":{"rendered":"https:\/\/evolucionbmp.com\/?post_type=product&#038;p=5753"},"modified":"2026-04-29T01:11:06","modified_gmt":"2026-04-29T01:11:06","slug":"baliza-mini-6w-2700k-by-50008d-110110105","status":"publish","type":"product","link":"https:\/\/evolucionbmp.com\/?product=baliza-mini-6w-2700k-by-50008d-110110105","title":{"rendered":"Baliza mini 6W 2700k BY-50008D 110*110*105"},"content":{"rendered":"<p>Los aplique pared o l\u00e1mparas de columna para exteriores EVO est\u00e1n hechas de aluminio fundido a presi\u00f3n, resistente al \u00f3xido, resistente, duradero, impermeable IP65, la luz de pilar no sucumbe a los entornos exteriores hostiles, lo que te permite no preocuparte por la lluvia.<\/p>\n<h6><span class=\"a-list-item\">Aplicaci\u00f3n: se puede utilizar como una luz de columna para instalar en una columna, una l\u00e1mpara de pared para instalar en una pared o una luz de c\u00e9sped para instalar en el c\u00e9sped. \u00c1ngulo de haz de 180\u00b0, coleta de cableado de 7 pulgadas de largo incorporada. Ideal para una hermosa decoraci\u00f3n e iluminaci\u00f3n, luces de columna de EVO para exteriores, luces de columna LED, adecuadas para puertas, cubiertas, paredes, vallas, macizos de flores, c\u00e9sped, patios, porches, caminos o cualquier otro lugar exterior. Si es posible, busque un profesional para conectar e instalar<\/span><\/h6>\n","protected":false},"excerpt":{"rendered":"<h4 id=\"title\" class=\"a-size-large a-spacing-none\"><span id=\"productTitle\" class=\"a-size-large product-title-word-break\">L\u00e1mpara apliqu\u00e9 al aire libre redonda de 110mm , l\u00e1mpara de columna al aire libre, lampara de cubierta\/valla, poste de l\u00e1mpara, poste de l\u00e1mpara de alto<\/span><\/h4>\n","protected":false},"featured_media":5755,"template":"","meta":[],"product_brand":[],"product_cat":[47,101,127],"product_tag":[],"class_list":{"0":"post-5753","1":"product","2":"type-product","3":"status-publish","4":"has-post-thumbnail","6":"product_cat-aplique-de-exterior-led","7":"product_cat-lampara-de-jardin","8":"product_cat-noti-evo","10":"first","11":"instock","12":"shipping-taxable","13":"product-type-simple"},"_links":{"self":[{"href":"https:\/\/evolucionbmp.com\/index.php?rest_route=\/wp\/v2\/product\/5753","targetHints":{"allow":["GET"]}}],"collection":[{"href":"https:\/\/evolucionbmp.com\/index.php?rest_route=\/wp\/v2\/product"}],"about":[{"href":"https:\/\/evolucionbmp.com\/index.php?rest_route=\/wp\/v2\/types\/product"}],"wp:featuredmedia":[{"embeddable":true,"href":"https:\/\/evolucionbmp.com\/index.php?rest_route=\/wp\/v2\/media\/5755"}],"wp:attachment":[{"href":"https:\/\/evolucionbmp.com\/index.php?rest_route=%2Fwp%2Fv2%2Fmedia&parent=5753"}],"wp:term":[{"taxonomy":"product_brand","embeddable":true,"href":"https:\/\/evolucionbmp.com\/index.php?rest_route=%2Fwp%2Fv2%2Fproduct_brand&post=5753"},{"taxonomy":"product_cat","embeddable":true,"href":"https:\/\/evolucionbmp.com\/index.php?rest_route=%2Fwp%2Fv2%2Fproduct_cat&post=5753"},{"taxonomy":"product_tag","embeddable":true,"href":"https:\/\/evolucionbmp.com\/index.php?rest_route=%2Fwp%2Fv2%2Fproduct_tag&post=5753"}],"curies":[{"name":"wp","href":"https:\/\/api.w.org\/{rel}","templated":true}]}}