      {"id":5722,"date":"2026-02-25T23:30:54","date_gmt":"2026-02-25T23:30:54","guid":{"rendered":"https:\/\/evolucionbmp.com\/?post_type=product&#038;p=5722"},"modified":"2026-02-25T23:30:55","modified_gmt":"2026-02-25T23:30:55","slug":"aplique-18w-2700k-10003860-mm-ip-54-ac-100-245v","status":"publish","type":"product","link":"https:\/\/evolucionbmp.com\/?product=aplique-18w-2700k-10003860-mm-ip-54-ac-100-245v","title":{"rendered":"Aplique 18W 2700k 1000*38*60 mm IP-54 AC-100-245V"},"content":{"rendered":"<ul>\n<li><span class=\"a-list-item\"><span dir=\"auto\">L\u00e1mpara de pared f\u00e1cil de instalar: se monta en la pared o en superficie, con cableado, sin necesidad de un instalador complejo. Se puede montar vertical u horizontalmente para adaptarse a la decoraci\u00f3n. Dise\u00f1o de ahorro de energ\u00eda: esto no solo te ayudar\u00e1 a contribuir al medio ambiente, sino que tambi\u00e9n te ayudar\u00e1 a ahorrar en la factura de la luz.<\/span><\/span><\/li>\n<\/ul>\n","protected":false},"excerpt":{"rendered":"<p><span class=\"a-list-item\"><span dir=\"auto\">: L\u00e1mpara de pared para exteriores con pantalla acr\u00edlica de alta transmitancia y hierro de alta calidad. La superficie est\u00e1 hecha de metal esmerilado con tecnolog\u00eda antioxidante, anticorrosiva y de esmalte al horno, resistente a los ara\u00f1azos, con protecci\u00f3n contra cortocircuitos y sobrecargas para garantizar la seguridad de uso.<\/span><\/span><\/p>\n<ul class=\"a-unordered-list a-vertical a-spacing-mini\">\n<li class=\"a-spacing-mini\"><span class=\"a-list-item\"><span dir=\"auto\">Aplique de pared con montaje reversible horizontal y vertical: Esta vers\u00e1til l\u00e1mpara de pared se puede instalar tanto horizontal como verticalmente, lo que le brinda la libertad de personalizar la iluminaci\u00f3n seg\u00fan sus preferencias. Realce la atm\u00f3sfera de su hogar y otros espacios con esta elegante y vers\u00e1til soluci\u00f3n de iluminaci\u00f3n.<\/span><\/span><\/li>\n<li class=\"a-spacing-mini\"><span class=\"a-list-item\"><span dir=\"auto\">Dise\u00f1o resistente al agua: Las luces LED de exterior para pared tienen una clasificaci\u00f3n de impermeabilidad IP65, por lo que nuestras luces de exterior se adaptan perfectamente a todo tipo de condiciones clim\u00e1ticas adversas. Se pueden usar como aplique de pared para interiores, ba\u00f1os, pasillos, cocinas, salas, comedores, dormitorios, etc.<\/span><\/span><\/li>\n<li class=\"a-spacing-mini\"><\/li>\n<\/ul>\n","protected":false},"featured_media":5724,"template":"","meta":[],"product_brand":[],"product_cat":[47],"product_tag":[],"class_list":{"0":"post-5722","1":"product","2":"type-product","3":"status-publish","4":"has-post-thumbnail","6":"product_cat-aplique-de-exterior-led","8":"first","9":"instock","10":"shipping-taxable","11":"product-type-simple"},"_links":{"self":[{"href":"https:\/\/evolucionbmp.com\/index.php?rest_route=\/wp\/v2\/product\/5722","targetHints":{"allow":["GET"]}}],"collection":[{"href":"https:\/\/evolucionbmp.com\/index.php?rest_route=\/wp\/v2\/product"}],"about":[{"href":"https:\/\/evolucionbmp.com\/index.php?rest_route=\/wp\/v2\/types\/product"}],"wp:featuredmedia":[{"embeddable":true,"href":"https:\/\/evolucionbmp.com\/index.php?rest_route=\/wp\/v2\/media\/5724"}],"wp:attachment":[{"href":"https:\/\/evolucionbmp.com\/index.php?rest_route=%2Fwp%2Fv2%2Fmedia&parent=5722"}],"wp:term":[{"taxonomy":"product_brand","embeddable":true,"href":"https:\/\/evolucionbmp.com\/index.php?rest_route=%2Fwp%2Fv2%2Fproduct_brand&post=5722"},{"taxonomy":"product_cat","embeddable":true,"href":"https:\/\/evolucionbmp.com\/index.php?rest_route=%2Fwp%2Fv2%2Fproduct_cat&post=5722"},{"taxonomy":"product_tag","embeddable":true,"href":"https:\/\/evolucionbmp.com\/index.php?rest_route=%2Fwp%2Fv2%2Fproduct_tag&post=5722"}],"curies":[{"name":"wp","href":"https:\/\/api.w.org\/{rel}","templated":true}]}}