      {"id":5692,"date":"2026-02-19T19:41:29","date_gmt":"2026-02-19T19:41:29","guid":{"rendered":"https:\/\/evolucionbmp.com\/?post_type=product&#038;p=5692"},"modified":"2026-02-19T19:52:19","modified_gmt":"2026-02-19T19:52:19","slug":"baliza-15w-2700k-by-p18005-155200-negra-100-245v","status":"publish","type":"product","link":"https:\/\/evolucionbmp.com\/?product=baliza-15w-2700k-by-p18005-155200-negra-100-245v","title":{"rendered":"Baliza 15W 2700K BY-P18005 155*200 negra 100-245v aluminio fundido"},"content":{"rendered":"","protected":false},"excerpt":{"rendered":"<ul class=\"a-unordered-list a-vertical a-spacing-mini\">\n<li class=\"a-spacing-mini\"><span class=\"a-list-item\">Estilo ecl\u00edptico con luces de calle modernas para c\u00e9sped: mezcla de elementos modernos e industriales, esta l\u00e1mpara de columna de poste para exteriores est\u00e1 hecha de aluminio fundido resistente y tiene un acabado resistente al agua, lo que resulta en anticorrosi\u00f3n y antioxidante. Es resistente al agua IP65, puede funcionar bajo lluvia, en ambientes exteriores sin corrosi\u00f3n durante a\u00f1os.<\/span><\/li>\n<li class=\"a-spacing-mini\"><span class=\"a-list-item\">M\u00daLTIPLES OCASIONES. <\/span><\/li>\n<li class=\"a-spacing-mini\"><span class=\"a-list-item\">Nos hemos centrado en las luces de estigma para exteriores durante muchos a\u00f1os, encajando muy bien en muchas decoraciones, especialmente para el porche de la puerta, el jard\u00edn, el patio, el garaje, el camino, el patio trasero. Aumente el gusto de su hogar con esta decente y elegante columna de luz para exteriores.<\/span><\/li>\n<\/ul>\n","protected":false},"featured_media":5697,"template":"","meta":[],"product_brand":[],"product_cat":[101],"product_tag":[],"class_list":{"0":"post-5692","1":"product","2":"type-product","3":"status-publish","4":"has-post-thumbnail","6":"product_cat-lampara-de-jardin","8":"first","9":"instock","10":"shipping-taxable","11":"product-type-simple"},"_links":{"self":[{"href":"https:\/\/evolucionbmp.com\/index.php?rest_route=\/wp\/v2\/product\/5692","targetHints":{"allow":["GET"]}}],"collection":[{"href":"https:\/\/evolucionbmp.com\/index.php?rest_route=\/wp\/v2\/product"}],"about":[{"href":"https:\/\/evolucionbmp.com\/index.php?rest_route=\/wp\/v2\/types\/product"}],"wp:featuredmedia":[{"embeddable":true,"href":"https:\/\/evolucionbmp.com\/index.php?rest_route=\/wp\/v2\/media\/5697"}],"wp:attachment":[{"href":"https:\/\/evolucionbmp.com\/index.php?rest_route=%2Fwp%2Fv2%2Fmedia&parent=5692"}],"wp:term":[{"taxonomy":"product_brand","embeddable":true,"href":"https:\/\/evolucionbmp.com\/index.php?rest_route=%2Fwp%2Fv2%2Fproduct_brand&post=5692"},{"taxonomy":"product_cat","embeddable":true,"href":"https:\/\/evolucionbmp.com\/index.php?rest_route=%2Fwp%2Fv2%2Fproduct_cat&post=5692"},{"taxonomy":"product_tag","embeddable":true,"href":"https:\/\/evolucionbmp.com\/index.php?rest_route=%2Fwp%2Fv2%2Fproduct_tag&post=5692"}],"curies":[{"name":"wp","href":"https:\/\/api.w.org\/{rel}","templated":true}]}}