      {"id":5684,"date":"2026-02-19T16:19:21","date_gmt":"2026-02-19T16:19:21","guid":{"rendered":"https:\/\/evolucionbmp.com\/?post_type=product&#038;p=5684"},"modified":"2026-02-22T01:13:31","modified_gmt":"2026-02-22T01:13:31","slug":"perfil-ds-2620-doble-202856-3-mt-doble-difusor","status":"publish","type":"product","link":"https:\/\/evolucionbmp.com\/?product=perfil-ds-2620-doble-202856-3-mt-doble-difusor","title":{"rendered":"Perfil DS-2620 doble 20*28*5*6 * 3 mt doble difusor"},"content":{"rendered":"<h3 class=\"magic-3\"><span class=\"magic-4\"><span id=\"tl_1\">Perfil de aluminio Led de 28,8x20mm se ilumina hacia arriba y hacia abajo para tablero de 18mm para exhibici\u00f3n de vino\/gabinete\/armario<\/span><\/span><\/h3>\n<div class=\"magic-5\">\n<div class=\"magic-6\">\n<div class=\"magic-7\">\n<p id=\"tl_2\" class=\"magic-8\" data-spm-anchor-id=\"a2700.details-description.0.i0.2877H8FlH8FlDT\">El perfil de aluminio LED se utiliza para la instalaci\u00f3n de tiras de luces LED. El acabado anodizado del perfil de aluminio Led proporciona la m\u00e1xima protecci\u00f3n contra los elementos, evitando el \u00f3xido y la corrosi\u00f3n, y haci\u00e9ndolos perfectamente adecuados para un uso \u00e1spero en interiores o exteriores. Al mismo tiempo, los difusores est\u00e1n disponibles para maximizar la protecci\u00f3n de la tira led y para controlar la difusi\u00f3n de la luz desde la tira. Las tapas finales tambi\u00e9n est\u00e1n disponibles para cerrar completamente el perfil y tambi\u00e9n dirigir limpiamente el cableado a la tira.<\/p>\n<\/div>\n<\/div>\n<\/div>\n","protected":false},"excerpt":{"rendered":"<table class=\"all magic-16\">\n<tbody>\n<tr>\n<td colspan=\"5\" rowspan=\"1\">\n<div class=\"magic-17\" data-spm-anchor-id=\"a2700.details-description.0.i3.7e41w41Xw41XtO\">\u00a0 \u00a0 \u00a0 \u00a0 \u00a0 \u00a0 \u00a0 \u00a0 \u00a0 \u00a0 \u00a0 \u00a0 \u00a0 \u00a0 \u00a0 \u00a0 \u00a0 \u00a0 \u00a0 \u00a0 \u00a0 \u00a0 \u00a0 \u00a0 \u00a0 \u00a0 \u00a0 \u00a0 \u00a0 \u00a0 \u00a0 \u00a0 \u00a0 \u00a0 \u00a0 \u00a0 \u00a0 \u00a0\u00a0<b id=\"tl_2\">DETALLES DEL PRODUCTO<\/b><\/div>\n<\/td>\n<\/tr>\n<tr>\n<td colspan=\"1\" rowspan=\"1\">\n<div class=\"magic-20\"><b id=\"tl_3\">Categor\u00eda<\/b><\/div>\n<\/td>\n<td colspan=\"4\" rowspan=\"1\">\n<div id=\"tl_4\" class=\"magic-21\">Canal LED de aluminio de<\/div>\n<\/td>\n<\/tr>\n<tr>\n<td colspan=\"1\" rowspan=\"1\">\n<div class=\"magic-20\"><b id=\"tl_5\">Nombre del producto<\/b><\/div>\n<\/td>\n<td colspan=\"4\" rowspan=\"1\">\n<div id=\"tl_6\" class=\"magic-21\">Perfil aluminio LED<\/div>\n<\/td>\n<\/tr>\n<tr>\n<td colspan=\"1\" rowspan=\"1\">\n<div class=\"magic-20\"><b id=\"tl_7\">N\u00famero de producto<\/b><\/div>\n<\/td>\n<td colspan=\"4\" rowspan=\"1\">\n<div id=\"tl_8\" class=\"magic-21\">DS2620A<\/div>\n<\/td>\n<\/tr>\n<tr>\n<td colspan=\"1\" rowspan=\"1\">\n<div class=\"magic-20\"><b id=\"tl_9\">Material<\/b><\/div>\n<\/td>\n<td colspan=\"4\" rowspan=\"1\">\n<div id=\"tl_10\" class=\"magic-21\">Aleaci\u00f3n de aluminio 6063<\/div>\n<\/td>\n<\/tr>\n<tr>\n<td colspan=\"1\" rowspan=\"1\">\n<div class=\"magic-20\"><b id=\"tl_11\">Tratamiento superficial<\/b><\/div>\n<\/td>\n<td colspan=\"4\" rowspan=\"1\">\n<div id=\"tl_12\" class=\"magic-21\">Anodizado<\/div>\n<\/td>\n<\/tr>\n<tr>\n<td colspan=\"1\" rowspan=\"1\">\n<div class=\"magic-20\"><b id=\"tl_13\">Longitud<\/b><\/div>\n<\/td>\n<td colspan=\"4\" rowspan=\"1\">\n<div id=\"tl_14\" class=\"magic-21\">3 metros<\/div>\n<\/td>\n<\/tr>\n<tr>\n<td colspan=\"1\" rowspan=\"1\">\n<div class=\"magic-20\"><b id=\"tl_15\">Color<\/b><\/div>\n<\/td>\n<td colspan=\"4\" rowspan=\"1\">\n<div id=\"tl_16\" class=\"magic-21\">GRIS<\/div>\n<\/td>\n<\/tr>\n<tr>\n<td colspan=\"1\" rowspan=\"1\">\n<div class=\"magic-20\"><b id=\"tl_17\">Tama\u00f1o<\/b><\/div>\n<\/td>\n<td colspan=\"4\" rowspan=\"1\">\n<div id=\"tl_18\" class=\"magic-21\">W28 * H20 mm<\/div>\n<\/td>\n<\/tr>\n<tr>\n<td colspan=\"1\" rowspan=\"1\">\n<div class=\"magic-20\"><b id=\"tl_19\">Accesorios<\/b><\/div>\n<\/td>\n<td colspan=\"4\" rowspan=\"1\">\n<div id=\"tl_20\" class=\"magic-21\">Perfil de aluminio, cubierta de PC, tapas de extremo de ABS<\/div>\n<\/td>\n<\/tr>\n<tr>\n<td colspan=\"1\" rowspan=\"1\">\n<div class=\"magic-20\"><b id=\"tl_21\">Tama\u00f1o PCB<\/b><\/div>\n<\/td>\n<td colspan=\"4\" rowspan=\"1\">\n<div id=\"tl_22\" class=\"magic-21\">Adecuado para placa PCB de 10mm<\/div>\n<\/td>\n<\/tr>\n<tr>\n<td colspan=\"1\" rowspan=\"1\">\n<div class=\"magic-20\"><b id=\"tl_23\">Cubierta PC<\/b><\/div>\n<\/td>\n<td colspan=\"4\" rowspan=\"1\">\n<div id=\"tl_24\" class=\"magic-21\">La cubierta lechosa\/transparente, esmerilada se puede hacer a medida<\/div>\n<\/td>\n<\/tr>\n<\/tbody>\n<\/table>\n","protected":false},"featured_media":5689,"template":"","meta":[],"product_brand":[],"product_cat":[142],"product_tag":[],"class_list":{"0":"post-5684","1":"product","2":"type-product","3":"status-publish","4":"has-post-thumbnail","6":"product_cat-perfiles","8":"first","9":"instock","10":"shipping-taxable","11":"product-type-simple"},"_links":{"self":[{"href":"https:\/\/evolucionbmp.com\/index.php?rest_route=\/wp\/v2\/product\/5684","targetHints":{"allow":["GET"]}}],"collection":[{"href":"https:\/\/evolucionbmp.com\/index.php?rest_route=\/wp\/v2\/product"}],"about":[{"href":"https:\/\/evolucionbmp.com\/index.php?rest_route=\/wp\/v2\/types\/product"}],"wp:featuredmedia":[{"embeddable":true,"href":"https:\/\/evolucionbmp.com\/index.php?rest_route=\/wp\/v2\/media\/5689"}],"wp:attachment":[{"href":"https:\/\/evolucionbmp.com\/index.php?rest_route=%2Fwp%2Fv2%2Fmedia&parent=5684"}],"wp:term":[{"taxonomy":"product_brand","embeddable":true,"href":"https:\/\/evolucionbmp.com\/index.php?rest_route=%2Fwp%2Fv2%2Fproduct_brand&post=5684"},{"taxonomy":"product_cat","embeddable":true,"href":"https:\/\/evolucionbmp.com\/index.php?rest_route=%2Fwp%2Fv2%2Fproduct_cat&post=5684"},{"taxonomy":"product_tag","embeddable":true,"href":"https:\/\/evolucionbmp.com\/index.php?rest_route=%2Fwp%2Fv2%2Fproduct_tag&post=5684"}],"curies":[{"name":"wp","href":"https:\/\/api.w.org\/{rel}","templated":true}]}}