      {"id":547,"date":"2025-10-22T10:37:51","date_gmt":"2025-10-22T10:37:51","guid":{"rendered":"https:\/\/prueba.jabutec.com.do\/?product=bombillo-3000k-7w-a-60-110-130v-560lm-25000h-50hz-b15580-roomlux"},"modified":"2026-02-10T13:01:28","modified_gmt":"2026-02-10T13:01:28","slug":"bombillo-3000k-7w-a-60-110-130v-560lm-25000h-50hz-b15580-roomlux","status":"publish","type":"product","link":"https:\/\/evolucionbmp.com\/?product=bombillo-3000k-7w-a-60-110-130v-560lm-25000h-50hz-b15580-roomlux","title":{"rendered":"Bombillo 7w 3000k A-60 110-130V 560Lm 25000H 50Hz B15580- ROOMLUX"},"content":{"rendered":"<p><\/p>\n","protected":false},"excerpt":{"rendered":"<p>Bombillo LED A60 (est\u00e1ndar) Roomlux, 7W, luz c\u00e1lida 3000K (560 l\u00famenes). Larga duraci\u00f3n (25000H). Voltaje 110-130V.<\/p>\n","protected":false},"featured_media":1138,"template":"","meta":[],"product_brand":[163],"product_cat":[56,127],"product_tag":[],"class_list":{"0":"post-547","1":"product","2":"type-product","3":"status-publish","4":"has-post-thumbnail","6":"product_brand-roomlux","7":"product_cat-bombillos-a-60","8":"product_cat-noti-evo","10":"first","11":"instock","12":"shipping-taxable","13":"product-type-simple"},"_links":{"self":[{"href":"https:\/\/evolucionbmp.com\/index.php?rest_route=\/wp\/v2\/product\/547","targetHints":{"allow":["GET"]}}],"collection":[{"href":"https:\/\/evolucionbmp.com\/index.php?rest_route=\/wp\/v2\/product"}],"about":[{"href":"https:\/\/evolucionbmp.com\/index.php?rest_route=\/wp\/v2\/types\/product"}],"wp:featuredmedia":[{"embeddable":true,"href":"https:\/\/evolucionbmp.com\/index.php?rest_route=\/wp\/v2\/media\/1138"}],"wp:attachment":[{"href":"https:\/\/evolucionbmp.com\/index.php?rest_route=%2Fwp%2Fv2%2Fmedia&parent=547"}],"wp:term":[{"taxonomy":"product_brand","embeddable":true,"href":"https:\/\/evolucionbmp.com\/index.php?rest_route=%2Fwp%2Fv2%2Fproduct_brand&post=547"},{"taxonomy":"product_cat","embeddable":true,"href":"https:\/\/evolucionbmp.com\/index.php?rest_route=%2Fwp%2Fv2%2Fproduct_cat&post=547"},{"taxonomy":"product_tag","embeddable":true,"href":"https:\/\/evolucionbmp.com\/index.php?rest_route=%2Fwp%2Fv2%2Fproduct_tag&post=547"}],"curies":[{"name":"wp","href":"https:\/\/api.w.org\/{rel}","templated":true}]}}