      {"id":5452,"date":"2026-01-25T18:20:46","date_gmt":"2026-01-25T18:20:46","guid":{"rendered":"https:\/\/evolucionbmp.com\/?post_type=product&#038;p=5452"},"modified":"2026-02-12T14:17:47","modified_gmt":"2026-02-12T14:17:47","slug":"controlador-led-inalambrico-m1m3-3a","status":"publish","type":"product","link":"https:\/\/evolucionbmp.com\/?product=controlador-led-inalambrico-m1m3-3a","title":{"rendered":"Controlador LED Inal\u00e1mbrico M1+M3-3A"},"content":{"rendered":"<div class=\"relative basis-auto flex-col -mb-(--composer-overlap-px) [--composer-overlap-px:28px] grow flex\">\n<div class=\"flex flex-col text-sm pb-25\">\n<article>*]:pointer-events-auto scroll-mt-[calc(var(&#8211;header-height)+min(200px,max(70px,20svh)))]&#8221; dir=&#8221;auto&#8221; data-turn-id=&#8221;request-WEB:ff67092b-e842-4218-85cf-5b34cb5d4190-6&#8243; data-testid=&#8221;conversation-turn-15&#8243; data-scroll-anchor=&#8221;true&#8221; data-turn=&#8221;assistant&#8221; data-mce-tabindex=&#8221;-1&#8243;&gt;<\/p>\n<div class=\"text-base my-auto mx-auto pb-10 [--thread-content-margin:--spacing(4)] @w-sm\/main:[--thread-content-margin:--spacing(6)] @w-lg\/main:[--thread-content-margin:--spacing(16)] px-(--thread-content-margin)\">\n<div class=\"[--thread-content-max-width:40rem] @w-lg\/main:[--thread-content-max-width:48rem] mx-auto max-w-(--thread-content-max-width) flex-1 group\/turn-messages focus-visible:outline-hidden relative flex w-full min-w-0 flex-col agent-turn\" data-mce-tabindex=\"-1\">\n<div class=\"flex max-w-full flex-col grow\">\n<div class=\"min-h-8 text-message relative flex w-full flex-col items-end gap-2 text-start break-words whitespace-normal [.text-message+&amp;]:mt-1\" dir=\"auto\" data-message-author-role=\"assistant\" data-message-id=\"944c2aff-6ebd-496f-84a7-b642f01228c5\" data-message-model-slug=\"gpt-5-2\">\n<div class=\"flex w-full flex-col gap-1 empty:hidden first:pt-[1px]\">\n<div class=\"markdown prose dark:prose-invert w-full wrap-break-word light markdown-new-styling\">\n<h2 data-start=\"287\" data-end=\"313\">Qu\u00e9 es exactamente?<\/h2>\n<p data-start=\"314\" data-end=\"394\">Es un <strong data-start=\"320\" data-end=\"368\">controlador de LED bidireccional y sin cable<\/strong>, que normalmente incluye:<\/p>\n<p data-start=\"396\" data-end=\"737\">\u2714\ufe0f <strong data-start=\"399\" data-end=\"444\">M\u00f3dulo receptor + m\u00f3dulo emisor (M1 + M3)<\/strong><br data-start=\"444\" data-end=\"447\">\u2714\ufe0f <strong data-start=\"450\" data-end=\"474\">Salida m\u00e1xima de 3 A<\/strong> para alimentar tiras o m\u00f3dulos LED.<br data-start=\"510\" data-end=\"513\">\u2714\ufe0f Comunicaci\u00f3n <strong data-start=\"529\" data-end=\"570\">inal\u00e1mbrica (RF, Bluetooth o similar)<\/strong> entre las partes, eliminando la necesidad de interruptores f\u00edsicos tradicionales.<br data-start=\"652\" data-end=\"655\">\u2714\ufe0f Dise\u00f1o compacto para montaje detr\u00e1s de luminarias o dentro de cajas empotradas.<\/p>\n<h2 data-start=\"739\" data-end=\"761\">\ud83d\udd0d \u00bfPara qu\u00e9 sirve?<\/h2>\n<h3 data-start=\"763\" data-end=\"801\">\ud83d\udca1 1. <strong data-start=\"773\" data-end=\"801\">Controlar luminarias LED<\/strong><\/h3>\n<p data-start=\"802\" data-end=\"959\">Permite encender\/apagar y <strong data-start=\"828\" data-end=\"867\">regular la intensidad de la luz LED<\/strong> sin interruptores f\u00edsicos, us\u00e1ndose junto con un panel remoto, un control t\u00e1ctil o una app.<\/p>\n<h3 data-start=\"961\" data-end=\"997\">\ud83d\udd01 2. <strong data-start=\"971\" data-end=\"997\">Cambiar efectos de luz<\/strong><\/h3>\n<p data-start=\"998\" data-end=\"1188\">Dependiendo del tipo de controlador, puede permitir:<br \/>\u2714 Ajuste de brillo (dimming)<br data-start=\"1079\" data-end=\"1082\">\u2714 Cambio de temperatura de color (CCT) si la luminaria lo soporta<br data-start=\"1147\" data-end=\"1150\">\u2714 Modos de iluminaci\u00f3n preestablecidos<\/p>\n<h3 data-start=\"1190\" data-end=\"1241\">\ud83d\udcf1 3. <strong data-start=\"1200\" data-end=\"1241\">Integraci\u00f3n con sistemas inteligentes<\/strong><\/h3>\n<p data-start=\"1242\" data-end=\"1368\">Puede trabajar con:<br \/>\u2714 Controles remotos inal\u00e1mbricos<br data-start=\"1294\" data-end=\"1297\">\u2714 Apps m\u00f3viles<br data-start=\"1311\" data-end=\"1314\">\u2714 Automatizaciones inteligentes (donde est\u00e9 soportado)<\/p>\n<h3 data-start=\"1370\" data-end=\"1410\">\ud83d\udce6 4. <strong data-start=\"1380\" data-end=\"1410\">Simplificar la instalaci\u00f3n<\/strong><\/h3>\n<p data-start=\"1411\" data-end=\"1581\">Al ser inal\u00e1mbrico:<br \/>\u2714 No necesitas cableado adicional para interruptores<br data-start=\"1483\" data-end=\"1486\">\u2714 Se reduce complejidad en muros y techos<br data-start=\"1527\" data-end=\"1530\">\u2714 Se facilita la instalaci\u00f3n en espacios terminados<\/p>\n<h2 data-start=\"1583\" data-end=\"1617\">\u2699\ufe0f C\u00f3mo funciona en la pr\u00e1ctica<\/h2>\n<ol data-start=\"1619\" data-end=\"1989\">\n<li data-start=\"1619\" data-end=\"1703\">\n<p data-start=\"1622\" data-end=\"1703\"><strong data-start=\"1622\" data-end=\"1679\">El controlador se conecta a la fuente de alimentaci\u00f3n<\/strong> y a la luminaria LED.<\/p>\n<\/li>\n<li data-start=\"1704\" data-end=\"1885\">\n<p data-start=\"1707\" data-end=\"1764\"><strong data-start=\"1707\" data-end=\"1757\">El m\u00f3dulo receptor recibe se\u00f1ales inal\u00e1mbricas<\/strong> desde:<\/p>\n<ul data-start=\"1768\" data-end=\"1885\">\n<li data-start=\"1768\" data-end=\"1788\">\n<p data-start=\"1770\" data-end=\"1788\">un control remoto,<\/p>\n<\/li>\n<li data-start=\"1792\" data-end=\"1821\">\n<p data-start=\"1794\" data-end=\"1821\">un interruptor inal\u00e1mbrico,<\/p>\n<\/li>\n<li data-start=\"1825\" data-end=\"1848\">\n<p data-start=\"1827\" data-end=\"1848\">una app de control, o<\/p>\n<\/li>\n<li data-start=\"1852\" data-end=\"1885\">\n<p data-start=\"1854\" data-end=\"1885\">un sistema de automatizaci\u00f3n.<\/p>\n<\/li>\n<\/ul>\n<\/li>\n<li data-start=\"1886\" data-end=\"1989\">\n<p data-start=\"1889\" data-end=\"1989\"><strong data-start=\"1889\" data-end=\"1927\">El controlador regula la corriente<\/strong> que pasa al LED, ajustando brillo, apagado\/encendido o modos.<\/p>\n<\/li>\n<\/ol>\n<h2 data-start=\"1991\" data-end=\"2034\">\ud83d\udd27 Especificaciones t\u00edpicas del M1+M3-3A<\/h2>\n<ul data-start=\"2035\" data-end=\"2298\">\n<li data-start=\"2035\" data-end=\"2134\">\n<p data-start=\"2037\" data-end=\"2134\"><strong data-start=\"2037\" data-end=\"2048\">Salida:<\/strong> hasta 3 A (suficiente para luminarias LED peque\u00f1as o tiras de luz de baja potencia)<\/p>\n<\/li>\n<li data-start=\"2135\" data-end=\"2168\">\n<p data-start=\"2137\" data-end=\"2168\"><strong data-start=\"2137\" data-end=\"2154\">Comunicaci\u00f3n:<\/strong> inal\u00e1mbrica<\/p>\n<\/li>\n<li data-start=\"2169\" data-end=\"2230\">\n<p data-start=\"2171\" data-end=\"2230\"><strong data-start=\"2171\" data-end=\"2190\">Compatibilidad:<\/strong> con LEDs de 12 V o 24 V seg\u00fan versi\u00f3n<\/p>\n<\/li>\n<li data-start=\"2231\" data-end=\"2298\">\n<p data-start=\"2233\" data-end=\"2298\"><strong data-start=\"2233\" data-end=\"2249\">Instalaci\u00f3n:<\/strong> detr\u00e1s de luminaria o dentro de caja de conexi\u00f3n<\/p>\n<\/li>\n<\/ul>\n<hr data-start=\"2300\" data-end=\"2303\">\n<h3 data-start=\"2305\" data-end=\"2322\">\ud83d\udccc En resumen<\/h3>\n<p data-start=\"2323\" data-end=\"2378\">El <strong data-start=\"2326\" data-end=\"2366\">controlador LED inal\u00e1mbrico M1+M3-3A<\/strong> sirve para:<\/p>\n<p data-start=\"2380\" data-end=\"2583\">\u2714 Remplazar interruptores tradicionales por control inal\u00e1mbrico<br data-start=\"2443\" data-end=\"2446\">\u2714 Regular y controlar luminarias LED<br data-start=\"2482\" data-end=\"2485\">\u2714 Facilitar instalaciones sin cableado adicional<br data-start=\"2533\" data-end=\"2536\">\u2714 Crear ambientes con luz m\u00e1s vers\u00e1til y c\u00f3moda<\/p>\n<hr data-start=\"2585\" data-end=\"2588\">\n<p data-start=\"2590\" data-end=\"2734\"><\/p>\n<\/div>\n<\/div>\n<\/div>\n<\/div>\n<\/div>\n<\/div>\n<\/article>\n<\/div>\n<\/div>\n","protected":false},"excerpt":{"rendered":"<p>Un <strong data-start=\"3\" data-end=\"43\">controlador LED inal\u00e1mbrico M1+M3-3A<\/strong> es un dispositivo dise\u00f1ado para <strong data-start=\"76\" data-end=\"153\">gestionar y regular la alimentaci\u00f3n y el comportamiento de luminarias LED<\/strong>, especialmente en sistemas de iluminaci\u00f3n moderna donde se busca flexibilidad y control sin cables f\u00edsicos directos al interruptor.<\/p>\n","protected":false},"featured_media":5453,"template":"","meta":[],"product_brand":[],"product_cat":[169],"product_tag":[],"class_list":{"0":"post-5452","1":"product","2":"type-product","3":"status-publish","4":"has-post-thumbnail","6":"product_cat-controles","8":"first","9":"instock","10":"shipping-taxable","11":"product-type-simple"},"_links":{"self":[{"href":"https:\/\/evolucionbmp.com\/index.php?rest_route=\/wp\/v2\/product\/5452","targetHints":{"allow":["GET"]}}],"collection":[{"href":"https:\/\/evolucionbmp.com\/index.php?rest_route=\/wp\/v2\/product"}],"about":[{"href":"https:\/\/evolucionbmp.com\/index.php?rest_route=\/wp\/v2\/types\/product"}],"wp:featuredmedia":[{"embeddable":true,"href":"https:\/\/evolucionbmp.com\/index.php?rest_route=\/wp\/v2\/media\/5453"}],"wp:attachment":[{"href":"https:\/\/evolucionbmp.com\/index.php?rest_route=%2Fwp%2Fv2%2Fmedia&parent=5452"}],"wp:term":[{"taxonomy":"product_brand","embeddable":true,"href":"https:\/\/evolucionbmp.com\/index.php?rest_route=%2Fwp%2Fv2%2Fproduct_brand&post=5452"},{"taxonomy":"product_cat","embeddable":true,"href":"https:\/\/evolucionbmp.com\/index.php?rest_route=%2Fwp%2Fv2%2Fproduct_cat&post=5452"},{"taxonomy":"product_tag","embeddable":true,"href":"https:\/\/evolucionbmp.com\/index.php?rest_route=%2Fwp%2Fv2%2Fproduct_tag&post=5452"}],"curies":[{"name":"wp","href":"https:\/\/api.w.org\/{rel}","templated":true}]}}