      {"id":5166,"date":"2026-01-18T17:51:29","date_gmt":"2026-01-18T17:51:29","guid":{"rendered":"https:\/\/evolucionbmp.com\/?post_type=product&#038;p=5166"},"modified":"2026-04-08T16:03:40","modified_gmt":"2026-04-08T16:03:40","slug":"perfil-a18001a07_2-box-registro-de-instalacion-klus","status":"publish","type":"product","link":"https:\/\/evolucionbmp.com\/?product=perfil-a18001a07_2-box-registro-de-instalacion-klus","title":{"rendered":"Perfil A18001A07_2 BOX (Registro de Instalaci\u00f3n) KLUS"},"content":{"rendered":"<div id=\"navDescription\" class=\"tab-pane fade show active\" role=\"tabpanel\" aria-labelledby=\"desc-tab\">\n<div class=\"mt-5\">\n<div class=\"pc-info__title\">Aplicaci\u00f3n<\/div>\n<div class=\"pc-info__content\">\n<ul>\n<li>&#8211; montaje de fuentes de alimentaci\u00f3n y componentes electr\u00f3nicos<\/li>\n<\/ul>\n<\/div>\n<div class=\"pc-info__title\">Montaje<\/div>\n<div class=\"pc-info__content\">\n<ul>\n<li>&#8211; a la superficie, utilizando una pista de montaje dedicada y tornillos seleccionados correctamente<\/li>\n<\/ul>\n<\/div>\n<div class=\"pc-info__title\">Informaci\u00f3n adicional<\/div>\n<div class=\"pc-info__content\">\n<ul>\n<li>&#8211; la fuente de alimentaci\u00f3n se puede asegurar dentro del perfil utilizando accesorios dedicados<\/li>\n<li>&#8211; al elegir una longitud diferente de perfiles \/ cubiertas que la disponible en el est\u00e1ndar, tambi\u00e9n debe elegir el servicio de corte en KLU\u015a<\/li>\n<\/ul>\n<\/div>\n<\/div>\n<\/div>\n","protected":false},"excerpt":{"rendered":"<div class=\"col-xxl-6 col-xl-6 col-lg-6 col-md-6 col-sm-12 col-xs-12 col-xxs-12 pc-details-container\">\n<div class=\"pc-container data-container\">\n<div class=\"product-details-description\">\n<ul>\n<li>Compartimiento para controladores y componentes el\u00e9ctricos<\/li>\n<li>Mantenimiento f\u00e1cil<\/li>\n<li>Dimensiones peque\u00f1as<\/li>\n<\/ul>\n<\/div>\n<\/div>\n<\/div>\n","protected":false},"featured_media":5524,"template":"","meta":[],"product_brand":[162],"product_cat":[141],"product_tag":[],"class_list":{"0":"post-5166","1":"product","2":"type-product","3":"status-publish","4":"has-post-thumbnail","6":"product_brand-klus","7":"product_cat-perfile-negro","9":"first","10":"instock","11":"shipping-taxable","12":"product-type-simple"},"_links":{"self":[{"href":"https:\/\/evolucionbmp.com\/index.php?rest_route=\/wp\/v2\/product\/5166","targetHints":{"allow":["GET"]}}],"collection":[{"href":"https:\/\/evolucionbmp.com\/index.php?rest_route=\/wp\/v2\/product"}],"about":[{"href":"https:\/\/evolucionbmp.com\/index.php?rest_route=\/wp\/v2\/types\/product"}],"wp:featuredmedia":[{"embeddable":true,"href":"https:\/\/evolucionbmp.com\/index.php?rest_route=\/wp\/v2\/media\/5524"}],"wp:attachment":[{"href":"https:\/\/evolucionbmp.com\/index.php?rest_route=%2Fwp%2Fv2%2Fmedia&parent=5166"}],"wp:term":[{"taxonomy":"product_brand","embeddable":true,"href":"https:\/\/evolucionbmp.com\/index.php?rest_route=%2Fwp%2Fv2%2Fproduct_brand&post=5166"},{"taxonomy":"product_cat","embeddable":true,"href":"https:\/\/evolucionbmp.com\/index.php?rest_route=%2Fwp%2Fv2%2Fproduct_cat&post=5166"},{"taxonomy":"product_tag","embeddable":true,"href":"https:\/\/evolucionbmp.com\/index.php?rest_route=%2Fwp%2Fv2%2Fproduct_tag&post=5166"}],"curies":[{"name":"wp","href":"https:\/\/api.w.org\/{rel}","templated":true}]}}