      {"id":514,"date":"2025-10-22T10:36:17","date_gmt":"2025-10-22T10:36:17","guid":{"rendered":"https:\/\/prueba.jabutec.com.do\/?product=aplique-gu-10-ts-127s-1-wh-down-blanco-ip-65-729580-pc"},"modified":"2026-01-04T20:46:55","modified_gmt":"2026-01-04T20:46:55","slug":"aplique-gu-10-ts-127s-1-wh-down-blanco-ip-65-729580-pc","status":"publish","type":"product","link":"https:\/\/evolucionbmp.com\/?product=aplique-gu-10-ts-127s-1-wh-down-blanco-ip-65-729580-pc","title":{"rendered":"Aplique GU-10 TS-127S-1 WH Down blanco IP-65 72*95*80 PC"},"content":{"rendered":"<h1 data-mce-style=\"margin: 0px; padding: 0px; font-weight: normal; max-width: 100%; font-family: Poppins;\" style=\"margin: 0px;padding: 0px;font-weight: normal;max-width: 100%;font-family: Poppins\"><span dir=\"auto\" data-mce-style=\"max-width: 100%; vertical-align: inherit;\" style=\"max-width: 100%;vertical-align: inherit\">L\u00e1mpara de pared LED<\/span><\/h1>\n<p data-mce-style=\"margin: 0px; padding: 0px; max-width: 100%; font-family: Poppins;\" style=\"margin: 0px;padding: 0px;max-width: 100%;font-family: Poppins\"><span dir=\"auto\" data-mce-style=\"max-width: 100%; vertical-align: inherit;\" style=\"max-width: 100%;vertical-align: inherit\">Entre las fuentes de luz profesionales se encuentra la l\u00e1mpara de pared GU-10. Comparada con otras l\u00e1mparas de pared, es \u00fanica. La LBD127 ofrece una excepcional resistencia a la intemperie, seguridad, eficiencia energ\u00e9tica y protecci\u00f3n del medio ambiente tanto en interiores como en exteriores. Nuestras principales prioridades incluyen una larga vida \u00fatil, una pol\u00edtica de garant\u00eda de calidad, un excelente dise\u00f1o y una luminosidad excepcional.<\/span><\/p>\n<p data-mce-style=\"margin: 0px; padding: 0px; max-width: 100%; font-family: Poppins;\" style=\"margin: 0px;padding: 0px;max-width: 100%;font-family: Poppins\"><br data-mce-style=\"max-width: 100%;\" style=\"max-width: 100%\"><\/p>\n<p data-mce-style=\"margin: 0px; padding: 0px; max-width: 100%; font-family: Poppins;\" style=\"margin: 0px;padding: 0px;max-width: 100%;font-family: Poppins\"><span dir=\"auto\" data-mce-style=\"max-width: 100%; vertical-align: inherit;\" style=\"max-width: 100%;vertical-align: inherit\">Resistente a la intemperie: Este aplique para exterior de policarbonato transl\u00facido est\u00e1 fabricado con un material resistente al polvo, al agua y a la corrosi\u00f3n, a diferencia de otros pol\u00edmeros de bajo coste. Adem\u00e1s, su grado de protecci\u00f3n IP65 lo hace ideal para entornos dif\u00edciles como s\u00f3tanos, la playa y tormentas.<\/span><\/p>\n","protected":false},"excerpt":{"rendered":"<ul data-mce-style=\"margin: 0px; padding: 0px; font-family: Poppins;\" style=\"margin: 0px;padding: 0px;font-family: Poppins\">\n<li data-mce-style=\"margin: 0px; padding: 0px 0px 0px 12px; position: relative;\" style=\"margin: 0px;padding: 0px 0px 0px 12px;position: relative\"><span dir=\"auto\" data-mce-style=\"vertical-align: inherit;\" style=\"vertical-align: inherit\">Aplique LED de pared para exterior fabricado en acr\u00edlico con doble pantalla y clasificaci\u00f3n de impermeabilidad IP65. No es compatible con funciones de atenuaci\u00f3n ni detecci\u00f3n de movimiento.<\/span><\/li>\n<li data-mce-style=\"margin: 0px; padding: 0px 0px 0px 12px; position: relative;\" style=\"margin: 0px;padding: 0px 0px 0px 12px;position: relative\"><span dir=\"auto\" data-mce-style=\"vertical-align: inherit;\" style=\"vertical-align: inherit\">Aplique GU-10 de pared para porche exterior. Bajo consumo, larga vida \u00fatil y ahorro de energ\u00eda.\u00a0<\/span><span dir=\"auto\" data-mce-style=\"vertical-align: inherit;\" style=\"vertical-align: inherit\">La l\u00e1mpara de pared viene con placas de montaje y tornillos est\u00e1ndar internacionales y se puede instalar f\u00e1cilmente en solo 20 minutos.<\/span><\/li>\n<li data-mce-style=\"margin: 0px; padding: 0px 0px 0px 12px; position: relative;\" style=\"margin: 0px;padding: 0px 0px 0px 12px;position: relative\"><span dir=\"auto\" data-mce-style=\"vertical-align: inherit;\" style=\"vertical-align: inherit\">La luminaria exterior incluye un aplique de pared con cableado fijo y una carcasa de policarbonato en blanco o negro, lo que la hace ideal tanto para interiores como para exteriores.\u00a0<\/span><\/li>\n<\/ul>\n","protected":false},"featured_media":2095,"template":"","meta":[],"product_brand":[],"product_cat":[51,127],"product_tag":[],"class_list":{"0":"post-514","1":"product","2":"type-product","3":"status-publish","4":"has-post-thumbnail","6":"product_cat-aplique-exterior","7":"product_cat-noti-evo","9":"first","10":"instock","11":"shipping-taxable","12":"product-type-simple"},"_links":{"self":[{"href":"https:\/\/evolucionbmp.com\/index.php?rest_route=\/wp\/v2\/product\/514","targetHints":{"allow":["GET"]}}],"collection":[{"href":"https:\/\/evolucionbmp.com\/index.php?rest_route=\/wp\/v2\/product"}],"about":[{"href":"https:\/\/evolucionbmp.com\/index.php?rest_route=\/wp\/v2\/types\/product"}],"wp:featuredmedia":[{"embeddable":true,"href":"https:\/\/evolucionbmp.com\/index.php?rest_route=\/wp\/v2\/media\/2095"}],"wp:attachment":[{"href":"https:\/\/evolucionbmp.com\/index.php?rest_route=%2Fwp%2Fv2%2Fmedia&parent=514"}],"wp:term":[{"taxonomy":"product_brand","embeddable":true,"href":"https:\/\/evolucionbmp.com\/index.php?rest_route=%2Fwp%2Fv2%2Fproduct_brand&post=514"},{"taxonomy":"product_cat","embeddable":true,"href":"https:\/\/evolucionbmp.com\/index.php?rest_route=%2Fwp%2Fv2%2Fproduct_cat&post=514"},{"taxonomy":"product_tag","embeddable":true,"href":"https:\/\/evolucionbmp.com\/index.php?rest_route=%2Fwp%2Fv2%2Fproduct_tag&post=514"}],"curies":[{"name":"wp","href":"https:\/\/api.w.org\/{rel}","templated":true}]}}