      {"id":5123,"date":"2026-01-17T15:56:01","date_gmt":"2026-01-17T15:56:01","guid":{"rendered":"https:\/\/evolucionbmp.com\/?post_type=product&#038;p=5123"},"modified":"2026-02-04T00:24:16","modified_gmt":"2026-02-04T00:24:16","slug":"perfil-a00014a_2-piko-45-gris-klus","status":"publish","type":"product","link":"https:\/\/evolucionbmp.com\/?product=perfil-a00014a_2-piko-45-gris-klus","title":{"rendered":"Perfil A00014A_2 PIKO-45 gris KLUS"},"content":{"rendered":"<div class=\"pc-info__title\">Aplicaci\u00f3n<\/div>\n<div class=\"pc-info__content\">\n<ul>\n<li>&#8211; muebles, debajo del gabinete e iluminaci\u00f3n decorativa<\/li>\n<\/ul>\n<\/div>\n<div class=\"pc-info__title\">Montaje<\/div>\n<div class=\"pc-info__content\">\n<ul>\n<li>&#8211; a la superficie, suspendido o empotrado, utilizando accesorios dedicados, tornillos debidamente seleccionados, con cinta adhesiva de doble cara o adhesivo de montaje<\/li>\n<li>&#8211; f\u00e1cil montaje y desmontaje por el chasquido dentro y fuera<\/li>\n<\/ul>\n<\/div>\n<div class=\"pc-info__title\">Informaci\u00f3n adicional<\/div>\n<div class=\"pc-info__content\">\n<ul>\n<li>&#8211; para la suspensi\u00f3n de perfiles de tama\u00f1o peque\u00f1o, se recomienda utilizar un alambre con un di\u00e1metro de 0,5 mm<\/li>\n<li>&#8211; al elegir una longitud diferente de perfiles \/ cubiertas que la disponible en el est\u00e1ndar, tambi\u00e9n debe elegir el servicio de corte en KLU\u015a<\/li>\n<\/ul>\n<\/div>\n","protected":false},"excerpt":{"rendered":"<div id=\"navDescription\" class=\"tab-pane fade show active\" role=\"tabpanel\" aria-labelledby=\"desc-tab\">\n<div class=\"mt-5\">\n<div>\n<ul>\n<li>El perfil de iluminaci\u00f3n de \u00e1ngulo de 45 grados m\u00e1s peque\u00f1o del mercado<\/li>\n<li>Las dimensiones compactas permiten que el perfil se oculte en nichos y rebajes<\/li>\n<li>Posibilidad de instalar tiras led selladas de la serie 5K<\/li>\n<li>Una amplia gama de accesorios y opciones de montaje<\/li>\n<li>Posibilidad de integrar un interruptor UNI sin contacto<\/li>\n<\/ul>\n<\/div>\n<div><\/div>\n<div class=\"pc-info__content\">\n<ul>\n<li><\/li>\n<\/ul>\n<\/div>\n<\/div>\n<\/div>\n","protected":false},"featured_media":5126,"template":"","meta":[],"product_brand":[162],"product_cat":[142],"product_tag":[],"class_list":{"0":"post-5123","1":"product","2":"type-product","3":"status-publish","4":"has-post-thumbnail","6":"product_brand-klus","7":"product_cat-perfiles","9":"first","10":"instock","11":"shipping-taxable","12":"product-type-simple"},"_links":{"self":[{"href":"https:\/\/evolucionbmp.com\/index.php?rest_route=\/wp\/v2\/product\/5123","targetHints":{"allow":["GET"]}}],"collection":[{"href":"https:\/\/evolucionbmp.com\/index.php?rest_route=\/wp\/v2\/product"}],"about":[{"href":"https:\/\/evolucionbmp.com\/index.php?rest_route=\/wp\/v2\/types\/product"}],"wp:featuredmedia":[{"embeddable":true,"href":"https:\/\/evolucionbmp.com\/index.php?rest_route=\/wp\/v2\/media\/5126"}],"wp:attachment":[{"href":"https:\/\/evolucionbmp.com\/index.php?rest_route=%2Fwp%2Fv2%2Fmedia&parent=5123"}],"wp:term":[{"taxonomy":"product_brand","embeddable":true,"href":"https:\/\/evolucionbmp.com\/index.php?rest_route=%2Fwp%2Fv2%2Fproduct_brand&post=5123"},{"taxonomy":"product_cat","embeddable":true,"href":"https:\/\/evolucionbmp.com\/index.php?rest_route=%2Fwp%2Fv2%2Fproduct_cat&post=5123"},{"taxonomy":"product_tag","embeddable":true,"href":"https:\/\/evolucionbmp.com\/index.php?rest_route=%2Fwp%2Fv2%2Fproduct_tag&post=5123"}],"curies":[{"name":"wp","href":"https:\/\/api.w.org\/{rel}","templated":true}]}}