      {"id":5023,"date":"2026-01-13T14:57:06","date_gmt":"2026-01-13T14:57:06","guid":{"rendered":"https:\/\/evolucionbmp.com\/?product=panel-superficie-12w-cct-170-mm-960-lm-b29720-roomlux"},"modified":"2026-02-08T15:24:36","modified_gmt":"2026-02-08T15:24:36","slug":"panel-superficie-12w-cct-170-mm-960-lm-b29720-roomlux","status":"publish","type":"product","link":"https:\/\/evolucionbmp.com\/?product=panel-superficie-12w-cct-170-mm-960-lm-b29720-roomlux","title":{"rendered":"Panel superficie 12W CCT 170 mm 960 lm B29720 ROOMLUX"},"content":{"rendered":"<ul class=\"a-unordered-list a-vertical a-spacing-mini\">\n<li class=\"a-spacing-mini\" style=\"margin: 0px\"><span class=\"a-list-item\">3 TEMPERATURAS DE COLOR &#8211; Las luces LED de techo empotradas se pueden ajustar en 3000K blanco c\u00e1lido, 4000K blanco neutro, y 6500K blanco luz de d\u00eda. La l\u00e1mpara de techo de perfil bajo es perfecta para la cocina, dormitorio, ba\u00f1o, lavander\u00eda y pasillo.<\/span><\/li>\n<\/ul>\n","protected":false},"excerpt":{"rendered":"<p><br data-mce-bogus=\"1\"><\/p>\n","protected":false},"featured_media":5021,"template":"","meta":[],"product_brand":[163],"product_cat":[173],"product_tag":[],"class_list":{"0":"post-5023","1":"product","2":"type-product","3":"status-publish","4":"has-post-thumbnail","6":"product_brand-roomlux","7":"product_cat-panel-o","9":"first","10":"instock","11":"shipping-taxable","12":"product-type-simple"},"_links":{"self":[{"href":"https:\/\/evolucionbmp.com\/index.php?rest_route=\/wp\/v2\/product\/5023","targetHints":{"allow":["GET"]}}],"collection":[{"href":"https:\/\/evolucionbmp.com\/index.php?rest_route=\/wp\/v2\/product"}],"about":[{"href":"https:\/\/evolucionbmp.com\/index.php?rest_route=\/wp\/v2\/types\/product"}],"wp:featuredmedia":[{"embeddable":true,"href":"https:\/\/evolucionbmp.com\/index.php?rest_route=\/wp\/v2\/media\/5021"}],"wp:attachment":[{"href":"https:\/\/evolucionbmp.com\/index.php?rest_route=%2Fwp%2Fv2%2Fmedia&parent=5023"}],"wp:term":[{"taxonomy":"product_brand","embeddable":true,"href":"https:\/\/evolucionbmp.com\/index.php?rest_route=%2Fwp%2Fv2%2Fproduct_brand&post=5023"},{"taxonomy":"product_cat","embeddable":true,"href":"https:\/\/evolucionbmp.com\/index.php?rest_route=%2Fwp%2Fv2%2Fproduct_cat&post=5023"},{"taxonomy":"product_tag","embeddable":true,"href":"https:\/\/evolucionbmp.com\/index.php?rest_route=%2Fwp%2Fv2%2Fproduct_tag&post=5023"}],"curies":[{"name":"wp","href":"https:\/\/api.w.org\/{rel}","templated":true}]}}