      {"id":4902,"date":"2026-01-10T13:56:31","date_gmt":"2026-01-10T13:56:31","guid":{"rendered":"https:\/\/evolucionbmp.com\/?product=union-magnetico-horizontal-t3301l-5-mm-magnetico-interior-505020-para-riel-t3410-negro"},"modified":"2026-04-06T16:55:59","modified_gmt":"2026-04-06T16:55:59","slug":"union-magnetico-horizontal-t3301l-5-mm-magnetico-interior-505020-para-riel-t3410-negro","status":"publish","type":"product","link":"https:\/\/evolucionbmp.com\/?product=union-magnetico-horizontal-t3301l-5-mm-magnetico-interior-505020-para-riel-t3410-negro","title":{"rendered":"Uni\u00f3n Magn\u00e9tico Horizontal T3301L 5 mm Magn\u00e9tico Interior 50*50*20 para riel T3410 negro"},"content":{"rendered":"<p><\/p>\n","protected":false},"excerpt":{"rendered":"<p><\/p>\n","protected":false},"featured_media":4901,"template":"","meta":[],"product_brand":[],"product_cat":[116],"product_tag":[],"class_list":{"0":"post-4902","1":"product","2":"type-product","3":"status-publish","4":"has-post-thumbnail","6":"product_cat-lamparas-magneticas-basculantes-recesadas","8":"first","9":"instock","10":"shipping-taxable","11":"product-type-simple"},"_links":{"self":[{"href":"https:\/\/evolucionbmp.com\/index.php?rest_route=\/wp\/v2\/product\/4902","targetHints":{"allow":["GET"]}}],"collection":[{"href":"https:\/\/evolucionbmp.com\/index.php?rest_route=\/wp\/v2\/product"}],"about":[{"href":"https:\/\/evolucionbmp.com\/index.php?rest_route=\/wp\/v2\/types\/product"}],"wp:featuredmedia":[{"embeddable":true,"href":"https:\/\/evolucionbmp.com\/index.php?rest_route=\/wp\/v2\/media\/4901"}],"wp:attachment":[{"href":"https:\/\/evolucionbmp.com\/index.php?rest_route=%2Fwp%2Fv2%2Fmedia&parent=4902"}],"wp:term":[{"taxonomy":"product_brand","embeddable":true,"href":"https:\/\/evolucionbmp.com\/index.php?rest_route=%2Fwp%2Fv2%2Fproduct_brand&post=4902"},{"taxonomy":"product_cat","embeddable":true,"href":"https:\/\/evolucionbmp.com\/index.php?rest_route=%2Fwp%2Fv2%2Fproduct_cat&post=4902"},{"taxonomy":"product_tag","embeddable":true,"href":"https:\/\/evolucionbmp.com\/index.php?rest_route=%2Fwp%2Fv2%2Fproduct_tag&post=4902"}],"curies":[{"name":"wp","href":"https:\/\/api.w.org\/{rel}","templated":true}]}}