      {"id":4870,"date":"2026-01-09T15:37:59","date_gmt":"2026-01-09T15:37:59","guid":{"rendered":"https:\/\/evolucionbmp.com\/?product=aplique-12w-lbd23060b-12-bk-169100-ip-65-negro-3000k"},"modified":"2026-04-07T22:40:03","modified_gmt":"2026-04-07T22:40:03","slug":"aplique-12w-lbd23060b-12-bk-169100-ip-65-negro-3000k","status":"publish","type":"product","link":"https:\/\/evolucionbmp.com\/?product=aplique-12w-lbd23060b-12-bk-169100-ip-65-negro-3000k","title":{"rendered":"Aplique 12w 3000K LBD23060B-12 BK 169*100 IP-65 NEGRO"},"content":{"rendered":"<p style=\"margin: 0px; padding: 0px; max-width: 100%; font-family: Poppins;\"><strong style=\"max-width: 100%;\"><span dir=\"auto\" style=\"max-width: 100%; vertical-align: inherit;\">Resistente a la intemperie:<\/span><\/strong><span dir=\"auto\" style=\"max-width: 100%; vertical-align: inherit;\">\u00a0Esta l\u00e1mpara LED de pared para exterior se cre\u00f3 por ordenador. En comparaci\u00f3n con otros pol\u00edmeros m\u00e1s econ\u00f3micos, este material es m\u00e1s resistente a la corrosi\u00f3n, el agua y el polvo. Gracias a su grado de protecci\u00f3n IP65, nuestra l\u00e1mpara LED de pared para exterior tambi\u00e9n es perfecta para lugares dif\u00edciles como s\u00f3tanos, playas y condiciones clim\u00e1ticas adversas.<\/span><\/p>\n<p style=\"margin: 0px; padding: 0px; max-width: 100%; font-family: Poppins;\"><strong style=\"max-width: 100%;\"><span dir=\"auto\" style=\"max-width: 100%; vertical-align: inherit;\">Estilo moderno:<\/span><\/strong><span dir=\"auto\" style=\"max-width: 100%; vertical-align: inherit;\">\u00a0De estilo moderno, la l\u00e1mpara de pared LED LBD2340B-6\/LBD2360B-12 tiene una pantalla redonda o cuadrada. La l\u00e1mpara cuenta con una cubierta transparente y una tapa semiel\u00edptica en la parte superior. Su forma distintiva y su magn\u00edfico efecto de iluminaci\u00f3n la hacen ideal para una variedad de estilos de decoraci\u00f3n de interiores y exteriores.<\/span><\/p>\n","protected":false},"excerpt":{"rendered":"<h1 style=\"margin: 0px; padding: 0px; font-weight: normal; max-width: 100%; font-family: Poppins;\"><span dir=\"auto\" style=\"max-width: 100%; vertical-align: inherit;\">L\u00e1mpara de pared LED<\/span><\/h1>\n<p style=\"margin: 0px; padding: 0px; max-width: 100%; font-family: Poppins; letter-spacing: 0px; line-height: 1.2em;\">\n<p style=\"margin: 0px; padding: 0px; max-width: 100%; font-family: Poppins; letter-spacing: 0px; line-height: 1.2em;\"><span dir=\"auto\" style=\"max-width: 100%; vertical-align: inherit;\">La l\u00e1mpara de pared LED\u00a0 es una opci\u00f3n de iluminaci\u00f3n profesional. Destaca entre otras l\u00e1mparas de pared. Ofrece m\u00e1xima seguridad, protecci\u00f3n, eficiencia energ\u00e9tica y protecci\u00f3n del medio ambiente, tanto en interiores como en exteriores. Nuestras principales prioridades son una larga vida \u00fatil, un programa de control de calidad, un dise\u00f1o excepcional y una luminosidad excepcional.<\/span><\/p>\n","protected":false},"featured_media":4871,"template":"","meta":[],"product_brand":[],"product_cat":[47,127],"product_tag":[],"class_list":{"0":"post-4870","1":"product","2":"type-product","3":"status-publish","4":"has-post-thumbnail","6":"product_cat-aplique-de-exterior-led","7":"product_cat-noti-evo","9":"first","10":"instock","11":"shipping-taxable","12":"product-type-simple"},"_links":{"self":[{"href":"https:\/\/evolucionbmp.com\/index.php?rest_route=\/wp\/v2\/product\/4870","targetHints":{"allow":["GET"]}}],"collection":[{"href":"https:\/\/evolucionbmp.com\/index.php?rest_route=\/wp\/v2\/product"}],"about":[{"href":"https:\/\/evolucionbmp.com\/index.php?rest_route=\/wp\/v2\/types\/product"}],"wp:featuredmedia":[{"embeddable":true,"href":"https:\/\/evolucionbmp.com\/index.php?rest_route=\/wp\/v2\/media\/4871"}],"wp:attachment":[{"href":"https:\/\/evolucionbmp.com\/index.php?rest_route=%2Fwp%2Fv2%2Fmedia&parent=4870"}],"wp:term":[{"taxonomy":"product_brand","embeddable":true,"href":"https:\/\/evolucionbmp.com\/index.php?rest_route=%2Fwp%2Fv2%2Fproduct_brand&post=4870"},{"taxonomy":"product_cat","embeddable":true,"href":"https:\/\/evolucionbmp.com\/index.php?rest_route=%2Fwp%2Fv2%2Fproduct_cat&post=4870"},{"taxonomy":"product_tag","embeddable":true,"href":"https:\/\/evolucionbmp.com\/index.php?rest_route=%2Fwp%2Fv2%2Fproduct_tag&post=4870"}],"curies":[{"name":"wp","href":"https:\/\/api.w.org\/{rel}","templated":true}]}}