      {"id":4867,"date":"2026-01-09T15:28:16","date_gmt":"2026-01-09T15:28:16","guid":{"rendered":"https:\/\/evolucionbmp.com\/?product=aplique-12w-lbd23060-12-bk-169100-ip-65-negro-3000k-c-proteccion"},"modified":"2026-02-10T14:14:03","modified_gmt":"2026-02-10T14:14:03","slug":"aplique-12w-lbd23060-12-bk-169100-ip-65-negro-3000k-c-proteccion","status":"publish","type":"product","link":"https:\/\/evolucionbmp.com\/?product=aplique-12w-lbd23060-12-bk-169100-ip-65-negro-3000k-c-proteccion","title":{"rendered":"Aplique 12w 3000K LBD23060-12 BK 169*100 IP-65 NEGRO C\/protecci\u00f3n"},"content":{"rendered":"<p style=\"margin: 0px;padding: 0px;max-width: 100%;font-family: Poppins\" data-mce-style=\"margin: 0px; padding: 0px; max-width: 100%; font-family: Poppins;\"><span dir=\"auto\" style=\"max-width: 100%;vertical-align: inherit\" data-mce-style=\"max-width: 100%; vertical-align: inherit;\">Resistente a la intemperie: Este aplique LED para exterior est\u00e1 fabricado con policarbonato. Este material es m\u00e1s resistente a la corrosi\u00f3n, el agua y el polvo que otros pl\u00e1sticos m\u00e1s econ\u00f3micos. Adem\u00e1s, su grado de protecci\u00f3n IP65 lo hace ideal para entornos hostiles como s\u00f3tanos, la playa y las inclemencias del tiempo.<\/span><\/p>\n<p style=\"margin: 0px;padding: 0px;max-width: 100%;font-family: Poppins\" data-mce-style=\"margin: 0px; padding: 0px; max-width: 100%; font-family: Poppins;\"><br style=\"max-width: 100%\" data-mce-style=\"max-width: 100%;\"><\/p>\n<p style=\"margin: 0px;padding: 0px;max-width: 100%;font-family: Poppins\" data-mce-style=\"margin: 0px; padding: 0px; max-width: 100%; font-family: Poppins;\"><span dir=\"auto\" style=\"max-width: 100%;vertical-align: inherit\" data-mce-style=\"max-width: 100%; vertical-align: inherit;\">Estilo moderno: La l\u00e1mpara de pared LED LBD2360-12 presenta un dise\u00f1o moderno con pantalla redonda. Cuenta con una tapa semiel\u00edptica en la parte superior y una cubierta transparente. El magn\u00edfico efecto de iluminaci\u00f3n que produce su dise\u00f1o \u00fanico facilita la integraci\u00f3n con diversos estilos de decoraci\u00f3n de interiores y exteriores.<\/span><\/p>\n<table width=\"884\" style=\"border-collapse: collapse;border-spacing: 0px;margin-bottom: 5px;width: 1000.01px;min-width: 640px;max-width: 100%;font-family: Poppins\" data-mce-style=\"border-collapse: collapse; border-spacing: 0px; margin-bottom: 5px; width: 1000.01px; min-width: 640px; max-width: 100%; font-family: Poppins;\" class=\"mce-item-table\">\n<tbody style=\"max-width: 100%\" data-mce-style=\"max-width: 100%;\">\n<tr class=\"firstRow\" style=\"max-width: 100%\" data-mce-style=\"max-width: 100%;\">\n<td valign=\"top\" colspan=\"1\" rowspan=\"1\" width=\"273\" style=\"margin: 0px;padding: 5px 10px;border-collapse: collapse;max-width: 100%\" data-mce-style=\"margin: 0px; padding: 5px 10px; border-collapse: collapse; max-width: 100%;\"><span style=\"max-width: 100%;font-family: Arial\" data-mce-style=\"max-width: 100%; font-family: Arial;\"><span dir=\"auto\" style=\"max-width: 100%;vertical-align: inherit\" data-mce-style=\"max-width: 100%; vertical-align: inherit;\">Modo<\/span><\/span><\/td>\n<td valign=\"top\" colspan=\"1\" rowspan=\"1\" width=\"273\" style=\"margin: 0px;padding: 5px 10px;border-collapse: collapse;max-width: 100%\" data-mce-style=\"margin: 0px; padding: 5px 10px; border-collapse: collapse; max-width: 100%;\"><strong style=\"max-width: 100%\" data-mce-style=\"max-width: 100%;\"><span dir=\"auto\" style=\"max-width: 100%;vertical-align: inherit\" data-mce-style=\"max-width: 100%; vertical-align: inherit;\">LBD2340-6<\/span><\/strong><\/td>\n<td valign=\"top\" colspan=\"1\" rowspan=\"1\" width=\"273\" style=\"margin: 0px;padding: 5px 10px;border-collapse: collapse;max-width: 100%\" data-mce-style=\"margin: 0px; padding: 5px 10px; border-collapse: collapse; max-width: 100%;\"><strong style=\"max-width: 100%\" data-mce-style=\"max-width: 100%;\"><strong style=\"max-width: 100%\" data-mce-style=\"max-width: 100%;\"><strong style=\"max-width: 100%\" data-mce-style=\"max-width: 100%;\"><span dir=\"auto\" style=\"max-width: 100%;vertical-align: inherit\" data-mce-style=\"max-width: 100%; vertical-align: inherit;\">LBD2360-12<\/span><\/strong><\/strong><\/strong><\/td>\n<\/tr>\n<tr style=\"max-width: 100%\" data-mce-style=\"max-width: 100%;\">\n<td valign=\"top\" width=\"273\" style=\"margin: 0px;padding: 5px 10px;border-collapse: collapse;max-width: 100%\" data-mce-style=\"margin: 0px; padding: 5px 10px; border-collapse: collapse; max-width: 100%;\"><span style=\"max-width: 100%;font-family: Arial\" data-mce-style=\"max-width: 100%; font-family: Arial;\"><span dir=\"auto\" style=\"max-width: 100%;vertical-align: inherit\" data-mce-style=\"max-width: 100%; vertical-align: inherit;\">Dimensi\u00f3n<\/span><\/span><\/td>\n<td valign=\"top\" colspan=\"1\" rowspan=\"1\" width=\"273\" style=\"margin: 0px;padding: 5px 10px;border-collapse: collapse;max-width: 100%\" data-mce-style=\"margin: 0px; padding: 5px 10px; border-collapse: collapse; max-width: 100%;\"><span dir=\"auto\" style=\"max-width: 100%;vertical-align: inherit\" data-mce-style=\"max-width: 100%; vertical-align: inherit;\">\u03a6133*67 mm<\/span><\/td>\n<td valign=\"top\" colspan=\"1\" rowspan=\"1\" width=\"273\" style=\"margin: 0px;padding: 5px 10px;border-collapse: collapse;max-width: 100%\" data-mce-style=\"margin: 0px; padding: 5px 10px; border-collapse: collapse; max-width: 100%;\"><span dir=\"auto\" style=\"max-width: 100%;vertical-align: inherit\" data-mce-style=\"max-width: 100%; vertical-align: inherit;\">\u03a6169*100 mm<\/span><\/td>\n<\/tr>\n<tr style=\"max-width: 100%\" data-mce-style=\"max-width: 100%;\">\n<td valign=\"top\" width=\"273\" style=\"margin: 0px;padding: 5px 10px;border-collapse: collapse;max-width: 100%\" data-mce-style=\"margin: 0px; padding: 5px 10px; border-collapse: collapse; max-width: 100%;\"><span style=\"max-width: 100%;font-family: Arial\" data-mce-style=\"max-width: 100%; font-family: Arial;\"><span dir=\"auto\" style=\"max-width: 100%;vertical-align: inherit\" data-mce-style=\"max-width: 100%; vertical-align: inherit;\">Potencia<\/span><\/span><\/td>\n<td valign=\"top\" colspan=\"1\" rowspan=\"1\" width=\"273\" style=\"margin: 0px;padding: 5px 10px;border-collapse: collapse;max-width: 100%\" data-mce-style=\"margin: 0px; padding: 5px 10px; border-collapse: collapse; max-width: 100%;\"><span dir=\"auto\" style=\"max-width: 100%;vertical-align: inherit\" data-mce-style=\"max-width: 100%; vertical-align: inherit;\">6W<\/span><\/td>\n<td valign=\"top\" colspan=\"1\" rowspan=\"1\" width=\"273\" style=\"margin: 0px;padding: 5px 10px;border-collapse: collapse;max-width: 100%\" data-mce-style=\"margin: 0px; padding: 5px 10px; border-collapse: collapse; max-width: 100%;\"><span dir=\"auto\" style=\"max-width: 100%;vertical-align: inherit\" data-mce-style=\"max-width: 100%; vertical-align: inherit;\">12 W<\/span><\/td>\n<\/tr>\n<tr style=\"max-width: 100%\" data-mce-style=\"max-width: 100%;\">\n<td valign=\"top\" colspan=\"1\" rowspan=\"1\" width=\"273\" style=\"margin: 0px;padding: 5px 10px;border-collapse: collapse;max-width: 100%\" data-mce-style=\"margin: 0px; padding: 5px 10px; border-collapse: collapse; max-width: 100%;\"><span dir=\"auto\" style=\"max-width: 100%;vertical-align: inherit\" data-mce-style=\"max-width: 100%; vertical-align: inherit;\">Eficiencia de la iluminaci\u00f3n<\/span><\/td>\n<td valign=\"top\" colspan=\"1\" rowspan=\"1\" width=\"273\" style=\"margin: 0px;padding: 5px 10px;border-collapse: collapse;max-width: 100%\" data-mce-style=\"margin: 0px; padding: 5px 10px; border-collapse: collapse; max-width: 100%;\"><span dir=\"auto\" style=\"max-width: 100%;vertical-align: inherit\" data-mce-style=\"max-width: 100%; vertical-align: inherit;\">70 lm\/W<\/span><\/td>\n<td valign=\"top\" colspan=\"1\" rowspan=\"1\" width=\"273\" style=\"margin: 0px;padding: 5px 10px;border-collapse: collapse;max-width: 100%\" data-mce-style=\"margin: 0px; padding: 5px 10px; border-collapse: collapse; max-width: 100%;\"><span dir=\"auto\" style=\"max-width: 100%;vertical-align: inherit\" data-mce-style=\"max-width: 100%; vertical-align: inherit;\">76 lm\/W<\/span><\/td>\n<\/tr>\n<tr style=\"max-width: 100%\" data-mce-style=\"max-width: 100%;\">\n<td valign=\"top\" colspan=\"1\" rowspan=\"1\" width=\"273\" style=\"margin: 0px;padding: 5px 10px;border-collapse: collapse;max-width: 100%\" data-mce-style=\"margin: 0px; padding: 5px 10px; border-collapse: collapse; max-width: 100%;\">\n<p style=\"margin: 0px;padding: 0px;max-width: 100%\" data-mce-style=\"margin: 0px; padding: 0px; max-width: 100%;\"><span dir=\"auto\" style=\"max-width: 100%;vertical-align: inherit\" data-mce-style=\"max-width: 100%; vertical-align: inherit;\">Par\u00e1metro de entrada<\/span><\/p>\n<\/td>\n<td valign=\"top\" colspan=\"1\" rowspan=\"1\" width=\"273\" style=\"margin: 0px;padding: 5px 10px;border-collapse: collapse;max-width: 100%\" data-mce-style=\"margin: 0px; padding: 5px 10px; border-collapse: collapse; max-width: 100%;\"><span dir=\"auto\" style=\"max-width: 100%;vertical-align: inherit\" data-mce-style=\"max-width: 100%; vertical-align: inherit;\">100-240 V CA, 50\/60 Hz<\/span><\/td>\n<td valign=\"top\" colspan=\"1\" rowspan=\"1\" width=\"273\" style=\"margin: 0px;padding: 5px 10px;border-collapse: collapse;max-width: 100%\" data-mce-style=\"margin: 0px; padding: 5px 10px; border-collapse: collapse; max-width: 100%;\"><span dir=\"auto\" style=\"max-width: 100%;vertical-align: inherit\" data-mce-style=\"max-width: 100%; vertical-align: inherit;\">100-240 V CA, 50\/60 Hz<\/span><\/td>\n<\/tr>\n<tr style=\"max-width: 100%\" data-mce-style=\"max-width: 100%;\">\n<td valign=\"top\" width=\"273\" style=\"margin: 0px;padding: 5px 10px;border-collapse: collapse;max-width: 100%\" data-mce-style=\"margin: 0px; padding: 5px 10px; border-collapse: collapse; max-width: 100%;\"><span style=\"max-width: 100%;font-family: Arial\" data-mce-style=\"max-width: 100%; font-family: Arial;\"><span dir=\"auto\" style=\"max-width: 100%;vertical-align: inherit\" data-mce-style=\"max-width: 100%; vertical-align: inherit;\">Material<\/span><\/span><\/td>\n<td valign=\"top\" colspan=\"1\" rowspan=\"1\" width=\"273\" style=\"margin: 0px;padding: 5px 10px;border-collapse: collapse;max-width: 100%\" data-mce-style=\"margin: 0px; padding: 5px 10px; border-collapse: collapse; max-width: 100%;\"><span dir=\"auto\" style=\"max-width: 100%;vertical-align: inherit\" data-mce-style=\"max-width: 100%; vertical-align: inherit;\">ordenador personal<\/span><\/td>\n<td valign=\"top\" colspan=\"1\" rowspan=\"1\" width=\"273\" style=\"margin: 0px;padding: 5px 10px;border-collapse: collapse;max-width: 100%\" data-mce-style=\"margin: 0px; padding: 5px 10px; border-collapse: collapse; max-width: 100%;\"><span dir=\"auto\" style=\"max-width: 100%;vertical-align: inherit\" data-mce-style=\"max-width: 100%; vertical-align: inherit;\">ordenador personal<\/span><\/td>\n<\/tr>\n<tr style=\"max-width: 100%\" data-mce-style=\"max-width: 100%;\">\n<td valign=\"top\" colspan=\"1\" rowspan=\"1\" width=\"273\" style=\"margin: 0px;padding: 5px 10px;border-collapse: collapse;max-width: 100%\" data-mce-style=\"margin: 0px; padding: 5px 10px; border-collapse: collapse; max-width: 100%;\"><span style=\"max-width: 100%;font-family: Arial\" data-mce-style=\"max-width: 100%; font-family: Arial;\"><span dir=\"auto\" style=\"max-width: 100%;vertical-align: inherit\" data-mce-style=\"max-width: 100%; vertical-align: inherit;\">Solicitud<\/span><\/span><\/td>\n<td valign=\"top\" colspan=\"2\" rowspan=\"1\" width=\"567\" style=\"margin: 0px;padding: 5px 10px;border-collapse: collapse;max-width: 100%\" data-mce-style=\"margin: 0px; padding: 5px 10px; border-collapse: collapse; max-width: 100%;\"><span style=\"max-width: 100%;font-family: Arial\" data-mce-style=\"max-width: 100%; font-family: Arial;\"><span dir=\"auto\" style=\"max-width: 100%;vertical-align: inherit\" data-mce-style=\"max-width: 100%; vertical-align: inherit;\">Hotel, iluminaci\u00f3n del hogar, lugar de recreaci\u00f3n, supermercado, edificio de oficinas<\/span><\/span><\/td>\n<\/tr>\n<\/tbody>\n<\/table>\n","protected":false},"excerpt":{"rendered":"<h1 style=\"margin: 0px;padding: 0px;font-weight: normal;max-width: 100%\" data-mce-style=\"margin: 0px; padding: 0px; font-weight: normal; max-width: 100%;\"><span dir=\"auto\" style=\"max-width: 100%;vertical-align: inherit\" data-mce-style=\"max-width: 100%; vertical-align: inherit;\">Iluminaci\u00f3n de pared LED para exteriores<\/span><\/h1>\n<p style=\"margin: 0px;padding: 0px;max-width: 100%;letter-spacing: 0px;line-height: 1.2em\" data-mce-style=\"margin: 0px; padding: 0px; max-width: 100%; letter-spacing: 0px; line-height: 1.2em;\"><br style=\"max-width: 100%\" data-mce-style=\"max-width: 100%;\"><\/p>\n<p style=\"margin: 0px;padding: 0px;max-width: 100%;letter-spacing: 0px;line-height: 1.2em\" data-mce-style=\"margin: 0px; padding: 0px; max-width: 100%; letter-spacing: 0px; line-height: 1.2em;\"><span dir=\"auto\" style=\"max-width: 100%;vertical-align: inherit\" data-mce-style=\"max-width: 100%; vertical-align: inherit;\">Una de nuestras fuentes de iluminaci\u00f3n expertas es el aplique LED . Comparado con otros apliques, es \u00fanico. Ofrece una excepcional resistencia a la intemperie, seguridad, eficiencia energ\u00e9tica y protecci\u00f3n del medio ambiente, tanto en interiores como en exteriores. Nos preocupamos principalmente por su larga vida \u00fatil, un programa de control de calidad, un excelente dise\u00f1o y una luminosidad excepcional.<\/span><\/p>\n<p style=\"margin: 0px;padding: 0px;max-width: 100%;text-align: center\" data-mce-style=\"margin: 0px; padding: 0px; max-width: 100%; text-align: center;\"><br style=\"max-width: 100%;font-family: Poppins\" data-mce-style=\"max-width: 100%; font-family: Poppins;\"><\/p>\n","protected":false},"featured_media":4866,"template":"","meta":[],"product_brand":[],"product_cat":[47,127],"product_tag":[184],"class_list":{"0":"post-4867","1":"product","2":"type-product","3":"status-publish","4":"has-post-thumbnail","6":"product_cat-aplique-de-exterior-led","7":"product_cat-noti-evo","8":"product_tag-nuevo","10":"first","11":"instock","12":"shipping-taxable","13":"product-type-simple"},"_links":{"self":[{"href":"https:\/\/evolucionbmp.com\/index.php?rest_route=\/wp\/v2\/product\/4867","targetHints":{"allow":["GET"]}}],"collection":[{"href":"https:\/\/evolucionbmp.com\/index.php?rest_route=\/wp\/v2\/product"}],"about":[{"href":"https:\/\/evolucionbmp.com\/index.php?rest_route=\/wp\/v2\/types\/product"}],"wp:featuredmedia":[{"embeddable":true,"href":"https:\/\/evolucionbmp.com\/index.php?rest_route=\/wp\/v2\/media\/4866"}],"wp:attachment":[{"href":"https:\/\/evolucionbmp.com\/index.php?rest_route=%2Fwp%2Fv2%2Fmedia&parent=4867"}],"wp:term":[{"taxonomy":"product_brand","embeddable":true,"href":"https:\/\/evolucionbmp.com\/index.php?rest_route=%2Fwp%2Fv2%2Fproduct_brand&post=4867"},{"taxonomy":"product_cat","embeddable":true,"href":"https:\/\/evolucionbmp.com\/index.php?rest_route=%2Fwp%2Fv2%2Fproduct_cat&post=4867"},{"taxonomy":"product_tag","embeddable":true,"href":"https:\/\/evolucionbmp.com\/index.php?rest_route=%2Fwp%2Fv2%2Fproduct_tag&post=4867"}],"curies":[{"name":"wp","href":"https:\/\/api.w.org\/{rel}","templated":true}]}}