      {"id":462,"date":"2025-10-22T10:34:16","date_gmt":"2025-10-22T10:34:16","guid":{"rendered":"https:\/\/prueba.jabutec.com.do\/?product=union-mag-horizontal-t2205l-para-riel-magnetico-interior-masillado-858546-para-riel-t2210c-negro"},"modified":"2026-04-06T16:02:55","modified_gmt":"2026-04-06T16:02:55","slug":"union-mag-horizontal-t2205l-para-riel-magnetico-interior-masillado-858546-para-riel-t2210c-negro","status":"publish","type":"product","link":"https:\/\/evolucionbmp.com\/?product=union-mag-horizontal-t2205l-para-riel-magnetico-interior-masillado-858546-para-riel-t2210c-negro","title":{"rendered":"Uni\u00f3n Magn\u00e9tica Horizontal T2205L para riel magn\u00e9tico interior masillado 85*85*46 para riel T2210C negro"},"content":{"rendered":"<p><\/p>\n","protected":false},"excerpt":{"rendered":"<p>Uni\u00f3n magn\u00e9tica horizontal (modelo T2205L) para rieles magn\u00e9ticos interiores dise\u00f1ados para ser masillados (tipo T2210C). Color negro, dimensiones 85x85x46mm.<\/p>\n","protected":false},"featured_media":1104,"template":"","meta":[],"product_brand":[],"product_cat":[112,127],"product_tag":[],"class_list":{"0":"post-462","1":"product","2":"type-product","3":"status-publish","4":"has-post-thumbnail","6":"product_cat-lampara-magnetica-con-difusor","7":"product_cat-noti-evo","9":"first","10":"instock","11":"shipping-taxable","12":"product-type-simple"},"_links":{"self":[{"href":"https:\/\/evolucionbmp.com\/index.php?rest_route=\/wp\/v2\/product\/462","targetHints":{"allow":["GET"]}}],"collection":[{"href":"https:\/\/evolucionbmp.com\/index.php?rest_route=\/wp\/v2\/product"}],"about":[{"href":"https:\/\/evolucionbmp.com\/index.php?rest_route=\/wp\/v2\/types\/product"}],"wp:featuredmedia":[{"embeddable":true,"href":"https:\/\/evolucionbmp.com\/index.php?rest_route=\/wp\/v2\/media\/1104"}],"wp:attachment":[{"href":"https:\/\/evolucionbmp.com\/index.php?rest_route=%2Fwp%2Fv2%2Fmedia&parent=462"}],"wp:term":[{"taxonomy":"product_brand","embeddable":true,"href":"https:\/\/evolucionbmp.com\/index.php?rest_route=%2Fwp%2Fv2%2Fproduct_brand&post=462"},{"taxonomy":"product_cat","embeddable":true,"href":"https:\/\/evolucionbmp.com\/index.php?rest_route=%2Fwp%2Fv2%2Fproduct_cat&post=462"},{"taxonomy":"product_tag","embeddable":true,"href":"https:\/\/evolucionbmp.com\/index.php?rest_route=%2Fwp%2Fv2%2Fproduct_tag&post=462"}],"curies":[{"name":"wp","href":"https:\/\/api.w.org\/{rel}","templated":true}]}}