      {"id":4499,"date":"2026-01-01T19:59:32","date_gmt":"2026-01-01T19:59:32","guid":{"rendered":"https:\/\/evolucionbmp.com\/?product=aplique-20w-lbd55120-40-bk-12008025-20w-3000k-aluminio-1800-lm-ip65-100-240v"},"modified":"2026-02-10T12:41:01","modified_gmt":"2026-02-10T12:41:01","slug":"aplique-20w-lbd55120-40-bk-12008025-20w-3000k-aluminio-1800-lm-ip65-100-240v","status":"publish","type":"product","link":"https:\/\/evolucionbmp.com\/?product=aplique-20w-lbd55120-40-bk-12008025-20w-3000k-aluminio-1800-lm-ip65-100-240v","title":{"rendered":"Aplique 20w 3000k LBD55120-40 BK 1200*80*25 20w Aluminio 1800 lm IP65 100-240V"},"content":{"rendered":"<h1 class=\"this-description-name\" style=\"margin: 0px 0px 10px;padding: 0px;font-size: 20px;line-height: 28px;font-family: Poppins\" data-mce-style=\"margin: 0px 0px 10px; padding: 0px; font-size: 20px; line-height: 28px; font-family: Poppins;\"><span dir=\"auto\" style=\"vertical-align: inherit\" data-mce-style=\"vertical-align: inherit;\">Aplique LED de pared de aluminio con iluminaci\u00f3n indirecta lineal<\/span><\/h1>\n<div class=\"pro-this-prodBrief\" style=\"margin: 0px 0px 5px;padding: 0px;line-height: 1.4em;cursor: text;font-family: Poppins\" data-mce-style=\"margin: 0px 0px 5px; padding: 0px; line-height: 1.4em; cursor: text; font-family: Poppins;\">\n<ul style=\"margin: 0px;padding: 0px\" data-mce-style=\"margin: 0px; padding: 0px;\">\n<li style=\"margin: 0px;padding: 0px 0px 0px 12px;position: relative\" data-mce-style=\"margin: 0px; padding: 0px 0px 0px 12px; position: relative;\"><span dir=\"auto\" style=\"vertical-align: inherit\" data-mce-style=\"vertical-align: inherit;\">Hardware de f\u00e1cil instalaci\u00f3n: la luminaria viene con un pr\u00e1ctico kit de instalaci\u00f3n y cableado fijo, lo que hace que sea f\u00e1cil y r\u00e1pida de instalar.<\/span><\/li>\n<\/ul>\n<\/div>\n","protected":false},"excerpt":{"rendered":"<p><\/p>\n","protected":false},"featured_media":4494,"template":"","meta":[],"product_brand":[],"product_cat":[51,127],"product_tag":[184],"class_list":{"0":"post-4499","1":"product","2":"type-product","3":"status-publish","4":"has-post-thumbnail","6":"product_cat-aplique-exterior","7":"product_cat-noti-evo","8":"product_tag-nuevo","10":"first","11":"instock","12":"sold-individually","13":"shipping-taxable","14":"product-type-simple"},"_links":{"self":[{"href":"https:\/\/evolucionbmp.com\/index.php?rest_route=\/wp\/v2\/product\/4499","targetHints":{"allow":["GET"]}}],"collection":[{"href":"https:\/\/evolucionbmp.com\/index.php?rest_route=\/wp\/v2\/product"}],"about":[{"href":"https:\/\/evolucionbmp.com\/index.php?rest_route=\/wp\/v2\/types\/product"}],"wp:featuredmedia":[{"embeddable":true,"href":"https:\/\/evolucionbmp.com\/index.php?rest_route=\/wp\/v2\/media\/4494"}],"wp:attachment":[{"href":"https:\/\/evolucionbmp.com\/index.php?rest_route=%2Fwp%2Fv2%2Fmedia&parent=4499"}],"wp:term":[{"taxonomy":"product_brand","embeddable":true,"href":"https:\/\/evolucionbmp.com\/index.php?rest_route=%2Fwp%2Fv2%2Fproduct_brand&post=4499"},{"taxonomy":"product_cat","embeddable":true,"href":"https:\/\/evolucionbmp.com\/index.php?rest_route=%2Fwp%2Fv2%2Fproduct_cat&post=4499"},{"taxonomy":"product_tag","embeddable":true,"href":"https:\/\/evolucionbmp.com\/index.php?rest_route=%2Fwp%2Fv2%2Fproduct_tag&post=4499"}],"curies":[{"name":"wp","href":"https:\/\/api.w.org\/{rel}","templated":true}]}}