      {"id":3136,"date":"2025-12-01T01:07:57","date_gmt":"2025-12-01T01:07:57","guid":{"rendered":"https:\/\/prueba.jabutec.com.do\/?product=lamp-solar-b72388-3000k-0-5w-roomlux"},"modified":"2026-04-07T23:57:36","modified_gmt":"2026-04-07T23:57:36","slug":"lamp-solar-b72388-3000k-0-5w-roomlux","status":"publish","type":"product","link":"https:\/\/evolucionbmp.com\/?product=lamp-solar-b72388-3000k-0-5w-roomlux","title":{"rendered":"Aplique solar 0.5W 3000K B72388 ROOMLUX"},"content":{"rendered":"<p>Nota: aseg\u00farate de que la luz solar sea suficiente para la posici\u00f3n de las luces solares<\/p>\n","protected":false},"excerpt":{"rendered":"<ul class=\"a-unordered-list a-vertical a-spacing-mini\">\n<li class=\"a-spacing-mini\"><span class=\"a-list-item\">F\u00e1cil de instalar: estas luces solares se pueden instalar r\u00e1pidamente en cualquier suelo donde pueda absorber la luz solar directamente. Instalaci\u00f3n r\u00e1pida y f\u00e1cil, no requiere cableado, simplemente atornilla en la superficie. Luces de cubierta alimentadas por energ\u00eda solar ampliamente utilizadas para escaleras, cubiertas, pasos, muelle, valla, pared, jard\u00edn, camino, pasarela, patio trasero, etc.<\/span><\/li>\n<li class=\"a-spacing-mini\"><span class=\"a-list-item\">Carga e iluminaci\u00f3n autom\u00e1tica: las luces solares de la cerca con funci\u00f3n de sensor de luz autom\u00e1tico, presiona el bot\u00f3n de encendido\/apagado, deja que se cargue autom\u00e1ticamente bajo la luz solar. Entonces estas luces de valla para exteriores se iluminar\u00e1n autom\u00e1ticamente por la noche y se apagar\u00e1n durante el d\u00eda. Cada luz solar para valla tiene 6 LED de alta calidad, que pueden dar una luz brillante visible en tu camino a casa.<\/span><\/li>\n<li class=\"a-spacing-mini\"><span class=\"a-list-item\">Resistente al agua IP44: luces solares para exteriores hechas de acero inoxidable de alta calidad y material de policarbonato. IP44 impermeable y duradera hace que las luces solares funcionen bien y sean seguras en diferentes tipos de clima. Especialmente dise\u00f1ado para condiciones clim\u00e1ticas exteriores, perfecto para iluminar escaleras al aire libre, escalones, cubiertas, vallas, o decorar tu patio, patio y jard\u00edn.<\/span><\/li>\n<\/ul>\n","protected":false},"featured_media":5891,"template":"","meta":[],"product_brand":[163],"product_cat":[47,150],"product_tag":[],"class_list":{"0":"post-3136","1":"product","2":"type-product","3":"status-publish","4":"has-post-thumbnail","6":"product_brand-roomlux","7":"product_cat-aplique-de-exterior-led","8":"product_cat-solar-de-pared","10":"first","11":"instock","12":"shipping-taxable","13":"product-type-simple"},"_links":{"self":[{"href":"https:\/\/evolucionbmp.com\/index.php?rest_route=\/wp\/v2\/product\/3136","targetHints":{"allow":["GET"]}}],"collection":[{"href":"https:\/\/evolucionbmp.com\/index.php?rest_route=\/wp\/v2\/product"}],"about":[{"href":"https:\/\/evolucionbmp.com\/index.php?rest_route=\/wp\/v2\/types\/product"}],"wp:featuredmedia":[{"embeddable":true,"href":"https:\/\/evolucionbmp.com\/index.php?rest_route=\/wp\/v2\/media\/5891"}],"wp:attachment":[{"href":"https:\/\/evolucionbmp.com\/index.php?rest_route=%2Fwp%2Fv2%2Fmedia&parent=3136"}],"wp:term":[{"taxonomy":"product_brand","embeddable":true,"href":"https:\/\/evolucionbmp.com\/index.php?rest_route=%2Fwp%2Fv2%2Fproduct_brand&post=3136"},{"taxonomy":"product_cat","embeddable":true,"href":"https:\/\/evolucionbmp.com\/index.php?rest_route=%2Fwp%2Fv2%2Fproduct_cat&post=3136"},{"taxonomy":"product_tag","embeddable":true,"href":"https:\/\/evolucionbmp.com\/index.php?rest_route=%2Fwp%2Fv2%2Fproduct_tag&post=3136"}],"curies":[{"name":"wp","href":"https:\/\/api.w.org\/{rel}","templated":true}]}}