      {"id":3131,"date":"2025-12-01T01:07:43","date_gmt":"2025-12-01T01:07:43","guid":{"rendered":"https:\/\/prueba.jabutec.com.do\/?product=baliza-3w-b67394-solar-de-600-mm-3000k-roomlux"},"modified":"2026-02-10T12:43:58","modified_gmt":"2026-02-10T12:43:58","slug":"baliza-3w-b67394-solar-de-600-mm-3000k-roomlux","status":"publish","type":"product","link":"https:\/\/evolucionbmp.com\/?product=baliza-3w-b67394-solar-de-600-mm-3000k-roomlux","title":{"rendered":"Baliza 3W 3000K B67394 SOLAR DE 600 MM ROOMLUX"},"content":{"rendered":"<p><br data-mce-bogus=\"1\"><\/p>\n","protected":false},"excerpt":{"rendered":"<p><span dir=\"auto\">Los paneles solares de gran tama\u00f1o se hacen cada vez m\u00e1s r\u00e1pidos<\/span><\/p>\n<p><span dir=\"auto\">Carga en entornos con menos luz solar<\/span><\/p>\n<p><span dir=\"auto\">Sin estroboscopio y sin radiaci\u00f3n.<\/span><\/p>\n<p><span dir=\"auto\">Impermeable, resistente al calor y duradero.<\/span><\/p>\n<p><span dir=\"auto\">F\u00e1cil instalaci\u00f3n, sin cableado.<\/span><\/p>\n<p><span dir=\"auto\">Ahorro de energ\u00eda, respetuoso con el medio ambiente.<\/span><\/p>\n<p><span dir=\"auto\">Se aplica a paredes, patios, porches, cercas, caminos, jardines y patios.<\/span><\/p>\n","protected":false},"featured_media":3819,"template":"","meta":[],"product_brand":[163],"product_cat":[52],"product_tag":[],"class_list":{"0":"post-3131","1":"product","2":"type-product","3":"status-publish","4":"has-post-thumbnail","6":"product_brand-roomlux","7":"product_cat-balizas-de-jardin","9":"first","10":"instock","11":"shipping-taxable","12":"product-type-simple"},"_links":{"self":[{"href":"https:\/\/evolucionbmp.com\/index.php?rest_route=\/wp\/v2\/product\/3131","targetHints":{"allow":["GET"]}}],"collection":[{"href":"https:\/\/evolucionbmp.com\/index.php?rest_route=\/wp\/v2\/product"}],"about":[{"href":"https:\/\/evolucionbmp.com\/index.php?rest_route=\/wp\/v2\/types\/product"}],"wp:featuredmedia":[{"embeddable":true,"href":"https:\/\/evolucionbmp.com\/index.php?rest_route=\/wp\/v2\/media\/3819"}],"wp:attachment":[{"href":"https:\/\/evolucionbmp.com\/index.php?rest_route=%2Fwp%2Fv2%2Fmedia&parent=3131"}],"wp:term":[{"taxonomy":"product_brand","embeddable":true,"href":"https:\/\/evolucionbmp.com\/index.php?rest_route=%2Fwp%2Fv2%2Fproduct_brand&post=3131"},{"taxonomy":"product_cat","embeddable":true,"href":"https:\/\/evolucionbmp.com\/index.php?rest_route=%2Fwp%2Fv2%2Fproduct_cat&post=3131"},{"taxonomy":"product_tag","embeddable":true,"href":"https:\/\/evolucionbmp.com\/index.php?rest_route=%2Fwp%2Fv2%2Fproduct_tag&post=3131"}],"curies":[{"name":"wp","href":"https:\/\/api.w.org\/{rel}","templated":true}]}}