      {"id":2992,"date":"2025-12-01T01:00:31","date_gmt":"2025-12-01T01:00:31","guid":{"rendered":"https:\/\/prueba.jabutec.com.do\/?product=perfil-a06454n_2-kozel-klus-2-mt-2"},"modified":"2026-02-25T22:19:36","modified_gmt":"2026-02-25T22:19:36","slug":"perfil-a06454n_2-kozel-klus-2-mt-2","status":"publish","type":"product","link":"https:\/\/evolucionbmp.com\/?product=perfil-a06454n_2-kozel-klus-2-mt-2","title":{"rendered":"Perfil A07823_2 gris KOZUS aluminio KLUS"},"content":{"rendered":"<ul>\n<li style=\"display: table-row; font-size: 1rem;\"><span dir=\"auto\" style=\"vertical-align: inherit;\">Montaje en panel de yeso de 16 mm (0,63&#8243;)<\/span><\/li>\n<li style=\"display: table-row; font-size: 1rem;\"><span dir=\"auto\" style=\"vertical-align: inherit;\">Sin colisi\u00f3n con la estructura del techo.<\/span><\/li>\n<li style=\"display: table-row; font-size: 1rem;\"><span dir=\"auto\" style=\"vertical-align: inherit;\">L\u00ednea de luz a ras de la superficie<\/span><\/li>\n<li style=\"display: table-row; font-size: 1rem;\"><span dir=\"auto\" style=\"vertical-align: inherit;\">Elementos de aluminio no visibles<\/span><\/li>\n<li><span dir=\"auto\" style=\"vertical-align: inherit;\">Posibilidad de utilizar m\u00f3dulos de corriente con una eficiencia de hasta 190 lm\/W y un CRI &gt; 90. Disponible bajo pedido<\/span><\/li>\n<\/ul>\n<div class=\"pc-info__title\"><span dir=\"auto\" style=\"vertical-align: inherit;\">Solicitud<\/span><\/div>\n<div class=\"pc-info__content\">\n<ul style=\"margin-top: 0px; margin-bottom: 1rem; padding-left: 0px;\">\n<li style=\"font-size: 15px; margin-bottom: 0.25rem;\"><span dir=\"auto\" style=\"vertical-align: inherit;\">&#8211; iluminaci\u00f3n principal y decorativa<\/span><\/li>\n<\/ul>\n<\/div>\n<div class=\"pc-info__title\"><span dir=\"auto\" style=\"vertical-align: inherit;\">Montaje<\/span><\/div>\n<div class=\"pc-info__content\">\n<ul style=\"margin-top: 0px; margin-bottom: 1rem; padding-left: 0px;\">\n<li style=\"font-size: 15px; margin-bottom: 0.25rem;\"><span dir=\"auto\" style=\"vertical-align: inherit;\">&#8211; en yeso, con adhesivo de montaje<\/span><\/li>\n<\/ul>\n<\/div>\n<div class=\"pc-info__title\"><span dir=\"auto\" style=\"vertical-align: inherit;\">Informaci\u00f3n adicional<\/span><\/div>\n<div class=\"pc-info__content\">\n<ul style=\"margin-top: 0px; margin-bottom: 1rem; padding-left: 0px;\">\n<li style=\"font-size: 15px; margin-bottom: 0.25rem;\"><span dir=\"auto\" style=\"vertical-align: inherit;\">&#8211; para proteger la luminaria durante la instalaci\u00f3n, se debe utilizar un inserto protector TECH-22<\/span><\/li>\n<li style=\"font-size: 15px; margin-bottom: 0.25rem;\"><span dir=\"auto\" style=\"vertical-align: inherit;\">&#8211; Si elige una longitud de perfiles\/cubiertas diferente a la disponible en el est\u00e1ndar, deber\u00e1 elegir adicionalmente el servicio de corte en KLU\u015a<\/span><\/li>\n<\/ul>\n<\/div>\n","protected":false},"excerpt":{"rendered":"<p>Montaje en panel de yeso de 16 mm (0,63&#8243;) Sin colisi\u00f3n con la estructura del techo. L\u00ednea de luz a ras de la superficie Elementos de aluminio no visibles Posibilidad de utilizar m\u00f3dulos de corriente con una eficiencia de hasta 190 lm\/W y un CRI &gt; 90. Disponible bajo pedido Solicitud &#8211; iluminaci\u00f3n principal y [&hellip;]<\/p>\n","protected":false},"featured_media":4435,"template":"","meta":[],"product_brand":[162],"product_cat":[142],"product_tag":[],"class_list":{"0":"post-2992","1":"product","2":"type-product","3":"status-publish","4":"has-post-thumbnail","6":"product_brand-klus","7":"product_cat-perfiles","9":"first","10":"instock","11":"shipping-taxable","12":"product-type-simple"},"_links":{"self":[{"href":"https:\/\/evolucionbmp.com\/index.php?rest_route=\/wp\/v2\/product\/2992","targetHints":{"allow":["GET"]}}],"collection":[{"href":"https:\/\/evolucionbmp.com\/index.php?rest_route=\/wp\/v2\/product"}],"about":[{"href":"https:\/\/evolucionbmp.com\/index.php?rest_route=\/wp\/v2\/types\/product"}],"wp:featuredmedia":[{"embeddable":true,"href":"https:\/\/evolucionbmp.com\/index.php?rest_route=\/wp\/v2\/media\/4435"}],"wp:attachment":[{"href":"https:\/\/evolucionbmp.com\/index.php?rest_route=%2Fwp%2Fv2%2Fmedia&parent=2992"}],"wp:term":[{"taxonomy":"product_brand","embeddable":true,"href":"https:\/\/evolucionbmp.com\/index.php?rest_route=%2Fwp%2Fv2%2Fproduct_brand&post=2992"},{"taxonomy":"product_cat","embeddable":true,"href":"https:\/\/evolucionbmp.com\/index.php?rest_route=%2Fwp%2Fv2%2Fproduct_cat&post=2992"},{"taxonomy":"product_tag","embeddable":true,"href":"https:\/\/evolucionbmp.com\/index.php?rest_route=%2Fwp%2Fv2%2Fproduct_tag&post=2992"}],"curies":[{"name":"wp","href":"https:\/\/api.w.org\/{rel}","templated":true}]}}