      {"id":2990,"date":"2025-12-01T01:00:22","date_gmt":"2025-12-01T01:00:22","guid":{"rendered":"https:\/\/prueba.jabutec.com.do\/?product=perfil-a05552_2-gris-larko-aluminio-klus-3"},"modified":"2026-02-25T22:22:59","modified_gmt":"2026-02-25T22:22:59","slug":"perfil-a05552_2-gris-larko-aluminio-klus-3","status":"publish","type":"product","link":"https:\/\/evolucionbmp.com\/?product=perfil-a05552_2-gris-larko-aluminio-klus-3","title":{"rendered":"Perfil A05556A-2, GIZA KLUS"},"content":{"rendered":"<p>Perfil A05556A-2, GIZA KLUS<\/p>\n","protected":false},"excerpt":{"rendered":"<div id=\"navDescription\" class=\"tab-pane fade show active\" role=\"tabpanel\" aria-labelledby=\"desc-tab\">\n<div class=\"mt-5\">\n<div class=\"pc-info__title\">Aplicaci\u00f3n<\/div>\n<div class=\"pc-info__content\">\n<ul>\n<li>&#8211; iluminaci\u00f3n principal, decorativa y funcional<\/li>\n<\/ul>\n<\/div>\n<div class=\"pc-info__title\">Montaje<\/div>\n<div class=\"pc-info__content\">\n<ul>\n<li>&#8211; suspendido, a la superficie o empotrado, utilizando accesorios dedicados, tornillos correctamente seleccionados o una pista de montaje dedicada<\/li>\n<li>&#8211; las cubiertas semi-redondas y cuadradas se cortan a la longitud del perfil<\/li>\n<li>&#8211; f\u00e1cil montaje y desmontaje por el chasquido dentro y fuera<\/li>\n<\/ul>\n<\/div>\n<div class=\"pc-info__title\">Informaci\u00f3n adicional<\/div>\n<div class=\"pc-info__content\">\n<ul>\n<li>&#8211; si se utiliza un adaptador, la cubierta debe acortarse en 16 mm en relaci\u00f3n con la longitud del perfil<\/li>\n<li>&#8211; al elegir una longitud diferente de perfiles \/ cubiertas que la disponible en el est\u00e1ndar, tambi\u00e9n debe elegir el servicio de corte en KLU\u015a<\/li>\n<\/ul>\n<\/div>\n<\/div>\n<\/div>\n","protected":false},"featured_media":5149,"template":"","meta":[],"product_brand":[162],"product_cat":[142],"product_tag":[],"class_list":{"0":"post-2990","1":"product","2":"type-product","3":"status-publish","4":"has-post-thumbnail","6":"product_brand-klus","7":"product_cat-perfiles","9":"first","10":"instock","11":"shipping-taxable","12":"product-type-simple"},"_links":{"self":[{"href":"https:\/\/evolucionbmp.com\/index.php?rest_route=\/wp\/v2\/product\/2990","targetHints":{"allow":["GET"]}}],"collection":[{"href":"https:\/\/evolucionbmp.com\/index.php?rest_route=\/wp\/v2\/product"}],"about":[{"href":"https:\/\/evolucionbmp.com\/index.php?rest_route=\/wp\/v2\/types\/product"}],"wp:featuredmedia":[{"embeddable":true,"href":"https:\/\/evolucionbmp.com\/index.php?rest_route=\/wp\/v2\/media\/5149"}],"wp:attachment":[{"href":"https:\/\/evolucionbmp.com\/index.php?rest_route=%2Fwp%2Fv2%2Fmedia&parent=2990"}],"wp:term":[{"taxonomy":"product_brand","embeddable":true,"href":"https:\/\/evolucionbmp.com\/index.php?rest_route=%2Fwp%2Fv2%2Fproduct_brand&post=2990"},{"taxonomy":"product_cat","embeddable":true,"href":"https:\/\/evolucionbmp.com\/index.php?rest_route=%2Fwp%2Fv2%2Fproduct_cat&post=2990"},{"taxonomy":"product_tag","embeddable":true,"href":"https:\/\/evolucionbmp.com\/index.php?rest_route=%2Fwp%2Fv2%2Fproduct_tag&post=2990"}],"curies":[{"name":"wp","href":"https:\/\/api.w.org\/{rel}","templated":true}]}}