      {"id":2989,"date":"2025-12-01T01:00:19","date_gmt":"2025-12-01T01:00:19","guid":{"rendered":"https:\/\/prueba.jabutec.com.do\/?product=perfil-a05552_2-gris-larko-aluminio-klus-2"},"modified":"2026-02-11T01:01:51","modified_gmt":"2026-02-11T01:01:51","slug":"perfil-a05552_2-gris-larko-aluminio-klus-2","status":"publish","type":"product","link":"https:\/\/evolucionbmp.com\/?product=perfil-a05552_2-gris-larko-aluminio-klus-2","title":{"rendered":"Perfil A05554A_2 LIPOD KLUS 2 metros"},"content":{"rendered":"<div class=\"pc-info__title\"><span dir=\"auto\">Montaje<\/span><\/div>\n<div class=\"pc-info__content\">\n<ul>\n<li><span dir=\"auto\">&#8211; suspendido, en superficie o empotrado, utilizando accesorios espec\u00edficos, un riel de montaje espec\u00edfico, tornillos seleccionados adecuadamente o adhesivo de montaje<\/span><\/li>\n<li><span dir=\"auto\">&#8211; F\u00e1cil montaje y desmontaje mediante encaje a presi\u00f3n.<\/span><\/li>\n<\/ul>\n<\/div>\n<div class=\"pc-info__title\"><span dir=\"auto\">Informaci\u00f3n adicional<\/span><\/div>\n<div class=\"pc-info__content\">\n<ul>\n<li><span dir=\"auto\">&#8211; Si elige una longitud de perfiles\/cubiertas diferente a la disponible en el est\u00e1ndar, deber\u00e1 elegir adicionalmente el servicio de corte en KLU\u015a<\/span><\/li>\n<li><span dir=\"auto\">&#8211; Opci\u00f3n de pintura NCS Premium &#8211; cantidad m\u00ednima de pedido 30 piezas &#8211; disponible de inmediato<\/span><\/li>\n<\/ul>\n<\/div>\n","protected":false},"excerpt":{"rendered":"<ul>\n<li><span dir=\"auto\">Amplia gama de accesorios<\/span><\/li>\n<li><span dir=\"auto\">Ajuste de la direcci\u00f3n de la luminaria<\/span><\/li>\n<li><span dir=\"auto\">Posibilidad de montar la fuente de alimentaci\u00f3n en la parte luminosa de la luminaria.<\/span><\/li>\n<li><span dir=\"auto\">Radio de curvatura peque\u00f1o<\/span><\/li>\n<li><span dir=\"auto\">Posibilidad de utilizar m\u00f3dulos de corriente con una eficiencia de hasta 190 lm\/W y un CRI &gt; 90. Disponible bajo pedido.<\/span><\/li>\n<\/ul>\n","protected":false},"featured_media":4367,"template":"","meta":[],"product_brand":[162],"product_cat":[142],"product_tag":[],"class_list":{"0":"post-2989","1":"product","2":"type-product","3":"status-publish","4":"has-post-thumbnail","6":"product_brand-klus","7":"product_cat-perfiles","9":"first","10":"instock","11":"shipping-taxable","12":"product-type-simple"},"_links":{"self":[{"href":"https:\/\/evolucionbmp.com\/index.php?rest_route=\/wp\/v2\/product\/2989","targetHints":{"allow":["GET"]}}],"collection":[{"href":"https:\/\/evolucionbmp.com\/index.php?rest_route=\/wp\/v2\/product"}],"about":[{"href":"https:\/\/evolucionbmp.com\/index.php?rest_route=\/wp\/v2\/types\/product"}],"wp:featuredmedia":[{"embeddable":true,"href":"https:\/\/evolucionbmp.com\/index.php?rest_route=\/wp\/v2\/media\/4367"}],"wp:attachment":[{"href":"https:\/\/evolucionbmp.com\/index.php?rest_route=%2Fwp%2Fv2%2Fmedia&parent=2989"}],"wp:term":[{"taxonomy":"product_brand","embeddable":true,"href":"https:\/\/evolucionbmp.com\/index.php?rest_route=%2Fwp%2Fv2%2Fproduct_brand&post=2989"},{"taxonomy":"product_cat","embeddable":true,"href":"https:\/\/evolucionbmp.com\/index.php?rest_route=%2Fwp%2Fv2%2Fproduct_cat&post=2989"},{"taxonomy":"product_tag","embeddable":true,"href":"https:\/\/evolucionbmp.com\/index.php?rest_route=%2Fwp%2Fv2%2Fproduct_tag&post=2989"}],"curies":[{"name":"wp","href":"https:\/\/api.w.org\/{rel}","templated":true}]}}