      {"id":2981,"date":"2025-12-01T00:59:46","date_gmt":"2025-12-01T00:59:46","guid":{"rendered":"https:\/\/prueba.jabutec.com.do\/?product=perfil-a01263a_2-pds4-plus-klus"},"modified":"2026-02-25T22:43:26","modified_gmt":"2026-02-25T22:43:26","slug":"perfil-a01263a_2-pds4-plus-klus","status":"publish","type":"product","link":"https:\/\/evolucionbmp.com\/?product=perfil-a01263a_2-pds4-plus-klus","title":{"rendered":"Perfil A01263A_2 PDS4-PLUS KLUS"},"content":{"rendered":"<div class=\"col-xxl-6 col-xl-6 col-lg-6 col-md-6 col-sm-12 col-xs-12 col-xxs-12 pc-details-container\">\n<div class=\"pc-container data-container\">\n<div class=\"product-details-description\">\n<ul>\n<li>Posibilidad de montar tiras led selladas de la serie 8K<\/li>\n<li>Radio de flexi\u00f3n peque\u00f1o<\/li>\n<li>Posibilidad de doblarse en el plano de luz<\/li>\n<li><\/li>\n<li>\n<div id=\"navDescription\" class=\"tab-pane fade show active\" role=\"tabpanel\" aria-labelledby=\"desc-tab\">\n<div class=\"mt-5\">\n<div class=\"pc-info__title\">\u00a0 \u00a0 \u00a0 \u00a0 \u00a0 \u00a0 \u00a0 \u00a0 \u00a0 \u00a0 \u00a0 \u00a0 \u00a0 \u00a0 \u00a0 \u00a0 \u00a0Aplicaci\u00f3n<\/div>\n<div class=\"pc-info__content\">\n<ul>\n<li>&#8211; iluminaci\u00f3n principal, funcional, de mobiliario e iluminaci\u00f3n decorativa<\/li>\n<\/ul>\n<\/div>\n<div class=\"pc-info__title\">Montaje<\/div>\n<div class=\"pc-info__content\">\n<ul>\n<li>&#8211;<br \/>\na la superficie, suspendido o empotrado, utilizando accesorios<br \/>\ndedicados, tornillos debidamente seleccionados, con cinta adhesiva de<br \/>\ndoble cara o adhesivo de montaje<\/li>\n<li>&#8211; f\u00e1cil montaje y desmontaje por el chasquido dentro y fuera<\/li>\n<\/ul>\n<\/div>\n<div class=\"pc-info__title\">Informaci\u00f3n adicional<\/div>\n<div class=\"pc-info__content\">\n<ul>\n<li>&#8211; longitud de cubierta igual a la longitud del perfil solo con el uso de una tapa de extremo PDS-4-PLUS dedicada<\/li>\n<li>&#8211;<br \/>\nal elegir una longitud diferente de perfiles \/ cubiertas que la<br \/>\ndisponible en el est\u00e1ndar, tambi\u00e9n debe elegir el servicio de corte en<br \/>\nKLU\u015a<\/li>\n<li>&#8211; Opci\u00f3n de pintura NCS Premium &#8211; cantidad m\u00ednima de pedido 30pcs &#8211; disponible inmediatamente<\/li>\n<\/ul>\n<\/div>\n<\/div>\n<\/div>\n<\/li>\n<\/ul>\n<\/div>\n<\/div>\n<\/div>\n","protected":false},"excerpt":{"rendered":"<p>Posibilidad de montar tiras led selladas de la serie 8K Radio de flexi\u00f3n peque\u00f1o Posibilidad de doblarse en el plano de luz \u00a0 \u00a0 \u00a0 \u00a0 \u00a0 \u00a0 \u00a0 \u00a0 \u00a0 \u00a0 \u00a0 \u00a0 \u00a0 \u00a0 \u00a0 \u00a0 \u00a0Aplicaci\u00f3n &#8211; iluminaci\u00f3n principal, funcional, de mobiliario e iluminaci\u00f3n decorativa Montaje &#8211; a la superficie, suspendido o [&hellip;]<\/p>\n","protected":false},"featured_media":4401,"template":"","meta":[],"product_brand":[162],"product_cat":[142],"product_tag":[],"class_list":{"0":"post-2981","1":"product","2":"type-product","3":"status-publish","4":"has-post-thumbnail","6":"product_brand-klus","7":"product_cat-perfiles","9":"first","10":"instock","11":"shipping-taxable","12":"product-type-simple"},"_links":{"self":[{"href":"https:\/\/evolucionbmp.com\/index.php?rest_route=\/wp\/v2\/product\/2981","targetHints":{"allow":["GET"]}}],"collection":[{"href":"https:\/\/evolucionbmp.com\/index.php?rest_route=\/wp\/v2\/product"}],"about":[{"href":"https:\/\/evolucionbmp.com\/index.php?rest_route=\/wp\/v2\/types\/product"}],"wp:featuredmedia":[{"embeddable":true,"href":"https:\/\/evolucionbmp.com\/index.php?rest_route=\/wp\/v2\/media\/4401"}],"wp:attachment":[{"href":"https:\/\/evolucionbmp.com\/index.php?rest_route=%2Fwp%2Fv2%2Fmedia&parent=2981"}],"wp:term":[{"taxonomy":"product_brand","embeddable":true,"href":"https:\/\/evolucionbmp.com\/index.php?rest_route=%2Fwp%2Fv2%2Fproduct_brand&post=2981"},{"taxonomy":"product_cat","embeddable":true,"href":"https:\/\/evolucionbmp.com\/index.php?rest_route=%2Fwp%2Fv2%2Fproduct_cat&post=2981"},{"taxonomy":"product_tag","embeddable":true,"href":"https:\/\/evolucionbmp.com\/index.php?rest_route=%2Fwp%2Fv2%2Fproduct_tag&post=2981"}],"curies":[{"name":"wp","href":"https:\/\/api.w.org\/{rel}","templated":true}]}}