      {"id":2974,"date":"2025-12-01T00:59:28","date_gmt":"2025-12-01T00:59:28","guid":{"rendered":"https:\/\/prueba.jabutec.com.do\/?product=perfil-18009-box-registro-de-instalacion-klus"},"modified":"2026-04-08T16:04:42","modified_gmt":"2026-04-08T16:04:42","slug":"perfil-18009-box-registro-de-instalacion-klus","status":"publish","type":"product","link":"https:\/\/evolucionbmp.com\/?product=perfil-18009-box-registro-de-instalacion-klus","title":{"rendered":"Perfil 18009 BOX (Registro de Instalaci\u00f3n) KLUS"},"content":{"rendered":"<ul>\n<li style=\"display: table-row;font-size: 1rem\" data-mce-style=\"display: table-row; font-size: 1rem;\"><span dir=\"auto\" style=\"vertical-align: inherit\" data-mce-style=\"vertical-align: inherit;\">Riel de montaje<\/span><\/li>\n<li style=\"display: table-row;font-size: 1rem\" data-mce-style=\"display: table-row; font-size: 1rem;\"><span dir=\"auto\" style=\"vertical-align: inherit\" data-mce-style=\"vertical-align: inherit;\">Compartimento para el controlador y los componentes el\u00e9ctricos<\/span><\/li>\n<li style=\"display: table-row;font-size: 1rem\" data-mce-style=\"display: table-row; font-size: 1rem;\"><span dir=\"auto\" style=\"vertical-align: inherit\" data-mce-style=\"vertical-align: inherit;\">F\u00e1cil mantenimiento<\/span><\/li>\n<\/ul>\n<div class=\"pc-info__title\"><span dir=\"auto\" style=\"vertical-align: inherit\" data-mce-style=\"vertical-align: inherit;\">Solicitud<\/span><\/div>\n<div class=\"pc-info__content\">\n<ul style=\"margin-top: 0px;margin-bottom: 1rem;padding-left: 0px\" data-mce-style=\"margin-top: 0px; margin-bottom: 1rem; padding-left: 0px;\">\n<li style=\"font-size: 15px;margin-bottom: 0.25rem\" data-mce-style=\"font-size: 15px; margin-bottom: 0.25rem;\"><span dir=\"auto\" style=\"vertical-align: inherit\" data-mce-style=\"vertical-align: inherit;\">&#8211; montaje de fuentes de alimentaci\u00f3n y componentes electr\u00f3nicos<\/span><\/li>\n<\/ul>\n<\/div>\n<div class=\"pc-info__title\"><span dir=\"auto\" style=\"vertical-align: inherit\" data-mce-style=\"vertical-align: inherit;\">Montaje<\/span><\/div>\n<div class=\"pc-info__content\">\n<ul style=\"margin-top: 0px;margin-bottom: 1rem;padding-left: 0px\" data-mce-style=\"margin-top: 0px; margin-bottom: 1rem; padding-left: 0px;\">\n<li style=\"font-size: 15px;margin-bottom: 0.25rem\" data-mce-style=\"font-size: 15px; margin-bottom: 0.25rem;\"><span dir=\"auto\" style=\"vertical-align: inherit\" data-mce-style=\"vertical-align: inherit;\">&#8211; a la superficie, utilizando un riel de montaje espec\u00edfico y tornillos seleccionados adecuadamente<\/span><\/li>\n<\/ul>\n<\/div>\n<div class=\"pc-info__title\"><span dir=\"auto\" style=\"vertical-align: inherit\" data-mce-style=\"vertical-align: inherit;\">Informaci\u00f3n adicional<\/span><\/div>\n<div class=\"pc-info__content\">\n<ul style=\"margin-top: 0px;margin-bottom: 1rem;padding-left: 0px\" data-mce-style=\"margin-top: 0px; margin-bottom: 1rem; padding-left: 0px;\">\n<li style=\"font-size: 15px;margin-bottom: 0.25rem\" data-mce-style=\"font-size: 15px; margin-bottom: 0.25rem;\"><span dir=\"auto\" style=\"vertical-align: inherit\" data-mce-style=\"vertical-align: inherit;\">&#8211; La alimentaci\u00f3n se puede asegurar dentro del perfil mediante accesorios espec\u00edficos.<\/span><\/li>\n<li style=\"font-size: 15px;margin-bottom: 0.25rem\" data-mce-style=\"font-size: 15px; margin-bottom: 0.25rem;\"><span dir=\"auto\" style=\"vertical-align: inherit\" data-mce-style=\"vertical-align: inherit;\">&#8211; Si elige una longitud de perfiles\/cubiertas diferente a la disponible en el est\u00e1ndar, deber\u00e1 elegir adicionalmente el servicio de corte en KLU\u015a<\/span><\/li>\n<\/ul>\n<\/div>\n<p><\/p>\n<p><\/p>\n","protected":false},"excerpt":{"rendered":"<p><br data-mce-bogus=\"1\"><\/p>\n","protected":false},"featured_media":4446,"template":"","meta":[],"product_brand":[162],"product_cat":[142],"product_tag":[],"class_list":{"0":"post-2974","1":"product","2":"type-product","3":"status-publish","4":"has-post-thumbnail","6":"product_brand-klus","7":"product_cat-perfiles","9":"first","10":"instock","11":"shipping-taxable","12":"product-type-simple"},"_links":{"self":[{"href":"https:\/\/evolucionbmp.com\/index.php?rest_route=\/wp\/v2\/product\/2974","targetHints":{"allow":["GET"]}}],"collection":[{"href":"https:\/\/evolucionbmp.com\/index.php?rest_route=\/wp\/v2\/product"}],"about":[{"href":"https:\/\/evolucionbmp.com\/index.php?rest_route=\/wp\/v2\/types\/product"}],"wp:featuredmedia":[{"embeddable":true,"href":"https:\/\/evolucionbmp.com\/index.php?rest_route=\/wp\/v2\/media\/4446"}],"wp:attachment":[{"href":"https:\/\/evolucionbmp.com\/index.php?rest_route=%2Fwp%2Fv2%2Fmedia&parent=2974"}],"wp:term":[{"taxonomy":"product_brand","embeddable":true,"href":"https:\/\/evolucionbmp.com\/index.php?rest_route=%2Fwp%2Fv2%2Fproduct_brand&post=2974"},{"taxonomy":"product_cat","embeddable":true,"href":"https:\/\/evolucionbmp.com\/index.php?rest_route=%2Fwp%2Fv2%2Fproduct_cat&post=2974"},{"taxonomy":"product_tag","embeddable":true,"href":"https:\/\/evolucionbmp.com\/index.php?rest_route=%2Fwp%2Fv2%2Fproduct_tag&post=2974"}],"curies":[{"name":"wp","href":"https:\/\/api.w.org\/{rel}","templated":true}]}}