      {"id":2969,"date":"2025-12-01T00:59:13","date_gmt":"2025-12-01T00:59:13","guid":{"rendered":"https:\/\/prueba.jabutec.com.do\/?product=perfil-b7696-pds-zm-alu-negro-klus"},"modified":"2026-02-19T22:32:49","modified_gmt":"2026-02-19T22:32:49","slug":"perfil-b7696-pds-zm-alu-negro-klus","status":"publish","type":"product","link":"https:\/\/evolucionbmp.com\/?product=perfil-b7696-pds-zm-alu-negro-klus","title":{"rendered":"Perfil B7696 PDS-ZM ALU NEGRO KLUS"},"content":{"rendered":"<ul>\n<li style=\"display: table-row; font-size: 1rem;\"><span dir=\"auto\" style=\"vertical-align: inherit;\">Posibilidad de montar tiras LED selladas de la serie 8K<\/span><\/li>\n<li style=\"display: table-row; font-size: 1rem;\"><span dir=\"auto\" style=\"vertical-align: inherit;\">Amplia gama de accesorios<\/span><\/li>\n<li style=\"display: table-row; font-size: 1rem;\"><span dir=\"auto\" style=\"vertical-align: inherit;\">Paredes de perfil liso<\/span><\/li>\n<li style=\"display: table-row; font-size: 1rem;\"><span dir=\"auto\" style=\"vertical-align: inherit;\">Radio de curvatura peque\u00f1o<\/span><\/li>\n<\/ul>\n<div class=\"pc-info__title\"><span dir=\"auto\" style=\"vertical-align: inherit;\">Solicitud<\/span><\/div>\n<div class=\"pc-info__content\">\n<ul style=\"margin-top: 0px; margin-bottom: 1rem; padding-left: 0px;\">\n<li style=\"font-size: 15px; margin-bottom: 0.25rem;\"><span dir=\"auto\" style=\"vertical-align: inherit;\">&#8211; iluminaci\u00f3n principal y decorativa<\/span><\/li>\n<\/ul>\n<\/div>\n<div class=\"pc-info__title\"><span dir=\"auto\" style=\"vertical-align: inherit;\">Montaje<\/span><\/div>\n<div class=\"pc-info__content\">\n<ul style=\"margin-top: 0px; margin-bottom: 1rem; padding-left: 0px;\">\n<li style=\"font-size: 15px; margin-bottom: 0.25rem;\"><span dir=\"auto\" style=\"vertical-align: inherit;\">&#8211; a la superficie o suspendido, utilizando accesorios espec\u00edficos, adhesivo de montaje o tornillos adecuadamente seleccionados<\/span><\/li>\n<\/ul>\n<\/div>\n<div class=\"pc-info__title\"><span dir=\"auto\" style=\"vertical-align: inherit;\">Informaci\u00f3n adicional<\/span><\/div>\n<div class=\"pc-info__content\">\n<ul style=\"margin-top: 0px; margin-bottom: 1rem; padding-left: 0px;\">\n<li style=\"font-size: 15px; margin-bottom: 0.25rem;\"><span dir=\"auto\" style=\"vertical-align: inherit;\">&#8211; Posibilidad de una transici\u00f3n suave de una luminaria enterrada a una de fachada<\/span><\/li>\n<\/ul>\n<\/div>\n","protected":false},"excerpt":{"rendered":"<p>Posibilidad de montar tiras LED selladas de la serie 8K Amplia gama de accesorios Paredes de perfil liso Radio de curvatura peque\u00f1o Solicitud &#8211; iluminaci\u00f3n principal y decorativa Montaje &#8211; a la superficie o suspendido, utilizando accesorios espec\u00edficos, adhesivo de montaje o tornillos adecuadamente seleccionados Informaci\u00f3n adicional &#8211; Posibilidad de una transici\u00f3n suave de una [&hellip;]<\/p>\n","protected":false},"featured_media":4409,"template":"","meta":[],"product_brand":[162],"product_cat":[141],"product_tag":[],"class_list":{"0":"post-2969","1":"product","2":"type-product","3":"status-publish","4":"has-post-thumbnail","6":"product_brand-klus","7":"product_cat-perfile-negro","9":"first","10":"instock","11":"shipping-taxable","12":"product-type-simple"},"_links":{"self":[{"href":"https:\/\/evolucionbmp.com\/index.php?rest_route=\/wp\/v2\/product\/2969","targetHints":{"allow":["GET"]}}],"collection":[{"href":"https:\/\/evolucionbmp.com\/index.php?rest_route=\/wp\/v2\/product"}],"about":[{"href":"https:\/\/evolucionbmp.com\/index.php?rest_route=\/wp\/v2\/types\/product"}],"wp:featuredmedia":[{"embeddable":true,"href":"https:\/\/evolucionbmp.com\/index.php?rest_route=\/wp\/v2\/media\/4409"}],"wp:attachment":[{"href":"https:\/\/evolucionbmp.com\/index.php?rest_route=%2Fwp%2Fv2%2Fmedia&parent=2969"}],"wp:term":[{"taxonomy":"product_brand","embeddable":true,"href":"https:\/\/evolucionbmp.com\/index.php?rest_route=%2Fwp%2Fv2%2Fproduct_brand&post=2969"},{"taxonomy":"product_cat","embeddable":true,"href":"https:\/\/evolucionbmp.com\/index.php?rest_route=%2Fwp%2Fv2%2Fproduct_cat&post=2969"},{"taxonomy":"product_tag","embeddable":true,"href":"https:\/\/evolucionbmp.com\/index.php?rest_route=%2Fwp%2Fv2%2Fproduct_tag&post=2969"}],"curies":[{"name":"wp","href":"https:\/\/api.w.org\/{rel}","templated":true}]}}