      {"id":2963,"date":"2025-12-01T00:58:57","date_gmt":"2025-12-01T00:58:57","guid":{"rendered":"https:\/\/prueba.jabutec.com.do\/?product=perfil-a01588a07_2-pds-nk-negro-klus-2"},"modified":"2026-02-20T02:05:53","modified_gmt":"2026-02-20T02:05:53","slug":"perfil-a01588a07_2-pds-nk-negro-klus-2","status":"publish","type":"product","link":"https:\/\/evolucionbmp.com\/?product=perfil-a01588a07_2-pds-nk-negro-klus-2","title":{"rendered":"Perfil A02966A07_2 negro MICRO-PLUS aluminio KLUS"},"content":{"rendered":"<ul>\n<li style=\"display: table-row; font-size: 1rem;\"><span dir=\"auto\" style=\"vertical-align: inherit;\">Amplia gama de accesorios<\/span><\/li>\n<li style=\"display: table-row; font-size: 1rem;\"><span dir=\"auto\" style=\"vertical-align: inherit;\">Baja altura<\/span><\/li>\n<li style=\"display: table-row; font-size: 1rem;\"><span dir=\"auto\" style=\"vertical-align: inherit;\">Superficies de perfil lisas<\/span><\/li>\n<li style=\"display: table-row; font-size: 1rem;\"><span dir=\"auto\" style=\"vertical-align: inherit;\">Radio de curvatura peque\u00f1o<\/span><\/li>\n<\/ul>\n<div class=\"pc-info__title\"><span dir=\"auto\" style=\"vertical-align: inherit;\">Solicitud<\/span><\/div>\n<div class=\"pc-info__content\">\n<ul style=\"margin-top: 0px; margin-bottom: 1rem; padding-left: 0px;\">\n<li style=\"font-size: 15px; margin-bottom: 0.25rem;\"><span dir=\"auto\" style=\"vertical-align: inherit;\">&#8211; mobiliario, iluminaci\u00f3n decorativa y funcional<\/span><\/li>\n<\/ul>\n<\/div>\n<div class=\"pc-info__title\"><span dir=\"auto\" style=\"vertical-align: inherit;\">Montaje<\/span><\/div>\n<div class=\"pc-info__content\">\n<ul style=\"margin-top: 0px; margin-bottom: 1rem; padding-left: 0px;\">\n<li style=\"font-size: 15px; margin-bottom: 0.25rem;\"><span dir=\"auto\" style=\"vertical-align: inherit;\">&#8211; a la superficie, suspendido o empotrado, utilizando accesorios espec\u00edficos, tornillos adecuadamente seleccionados, con cinta adhesiva de doble cara o adhesivo de montaje<\/span><\/li>\n<li style=\"font-size: 15px; margin-bottom: 0.25rem;\"><span dir=\"auto\" style=\"vertical-align: inherit;\">&#8211; F\u00e1cil montaje y desmontaje mediante encaje a presi\u00f3n.<\/span><\/li>\n<\/ul>\n<\/div>\n<div class=\"pc-info__title\"><span dir=\"auto\" style=\"vertical-align: inherit;\">Informaci\u00f3n adicional<\/span><\/div>\n<div class=\"pc-info__content\">\n<ul style=\"margin-top: 0px; margin-bottom: 1rem; padding-left: 0px;\">\n<li style=\"font-size: 15px; margin-bottom: 0.25rem;\"><span dir=\"auto\" style=\"vertical-align: inherit;\">&#8211; Si elige una longitud de perfiles\/cubiertas diferente a la disponible en el est\u00e1ndar, deber\u00e1 elegir adicionalmente el servicio de corte en KLU\u015a<\/span><\/li>\n<\/ul>\n<\/div>\n","protected":false},"excerpt":{"rendered":"<p>Amplia gama de accesorios Baja altura Superficies de perfil lisas Radio de curvatura peque\u00f1o Solicitud &#8211; mobiliario, iluminaci\u00f3n decorativa y funcional Montaje &#8211; a la superficie, suspendido o empotrado, utilizando accesorios espec\u00edficos, tornillos adecuadamente seleccionados, con cinta adhesiva de doble cara o adhesivo de montaje &#8211; F\u00e1cil montaje y desmontaje mediante encaje a presi\u00f3n. Informaci\u00f3n [&hellip;]<\/p>\n","protected":false},"featured_media":5704,"template":"","meta":[],"product_brand":[162],"product_cat":[141],"product_tag":[],"class_list":{"0":"post-2963","1":"product","2":"type-product","3":"status-publish","4":"has-post-thumbnail","6":"product_brand-klus","7":"product_cat-perfile-negro","9":"first","10":"instock","11":"shipping-taxable","12":"product-type-simple"},"_links":{"self":[{"href":"https:\/\/evolucionbmp.com\/index.php?rest_route=\/wp\/v2\/product\/2963","targetHints":{"allow":["GET"]}}],"collection":[{"href":"https:\/\/evolucionbmp.com\/index.php?rest_route=\/wp\/v2\/product"}],"about":[{"href":"https:\/\/evolucionbmp.com\/index.php?rest_route=\/wp\/v2\/types\/product"}],"wp:featuredmedia":[{"embeddable":true,"href":"https:\/\/evolucionbmp.com\/index.php?rest_route=\/wp\/v2\/media\/5704"}],"wp:attachment":[{"href":"https:\/\/evolucionbmp.com\/index.php?rest_route=%2Fwp%2Fv2%2Fmedia&parent=2963"}],"wp:term":[{"taxonomy":"product_brand","embeddable":true,"href":"https:\/\/evolucionbmp.com\/index.php?rest_route=%2Fwp%2Fv2%2Fproduct_brand&post=2963"},{"taxonomy":"product_cat","embeddable":true,"href":"https:\/\/evolucionbmp.com\/index.php?rest_route=%2Fwp%2Fv2%2Fproduct_cat&post=2963"},{"taxonomy":"product_tag","embeddable":true,"href":"https:\/\/evolucionbmp.com\/index.php?rest_route=%2Fwp%2Fv2%2Fproduct_tag&post=2963"}],"curies":[{"name":"wp","href":"https:\/\/api.w.org\/{rel}","templated":true}]}}