      {"id":2961,"date":"2025-12-01T00:58:49","date_gmt":"2025-12-01T00:58:49","guid":{"rendered":"https:\/\/prueba.jabutec.com.do\/?product=perfil-a00758a07_2-negro-giza-ll-aluminio-klus-3"},"modified":"2026-02-23T19:37:16","modified_gmt":"2026-02-23T19:37:16","slug":"perfil-a00758a07_2-negro-giza-ll-aluminio-klus-3","status":"publish","type":"product","link":"https:\/\/evolucionbmp.com\/?product=perfil-a00758a07_2-negro-giza-ll-aluminio-klus-3","title":{"rendered":"Perfil A01418A07_2 PDS-ZMG NEGRO KLUS RECESADO"},"content":{"rendered":"<ul>\n<li style=\"display: table-row; font-size: 1rem;\"><span dir=\"auto\" style=\"vertical-align: inherit;\">Fuente de luz oculta<\/span><\/li>\n<li style=\"display: table-row; font-size: 1rem;\"><span dir=\"auto\" style=\"vertical-align: inherit;\">Amplia gama de accesorios<\/span><\/li>\n<li style=\"display: table-row; font-size: 1rem;\"><span dir=\"auto\" style=\"vertical-align: inherit;\">Paredes de perfil liso<\/span><\/li>\n<\/ul>\n<div class=\"pc-info__title\"><span dir=\"auto\" style=\"vertical-align: inherit;\">Solicitud<\/span><\/div>\n<div class=\"pc-info__content\">\n<ul style=\"margin-top: 0px; margin-bottom: 1rem; padding-left: 0px;\">\n<li style=\"font-size: 15px; margin-bottom: 0.25rem;\"><span dir=\"auto\" style=\"vertical-align: inherit;\">&#8211; iluminaci\u00f3n principal y decorativa<\/span><\/li>\n<\/ul>\n<\/div>\n<div class=\"pc-info__title\"><span dir=\"auto\" style=\"vertical-align: inherit;\">Montaje<\/span><\/div>\n<div class=\"pc-info__content\">\n<ul style=\"margin-top: 0px; margin-bottom: 1rem; padding-left: 0px;\">\n<li style=\"font-size: 15px; margin-bottom: 0.25rem;\"><span dir=\"auto\" style=\"vertical-align: inherit;\">&#8211; a la superficie o suspendido, utilizando accesorios espec\u00edficos<\/span><\/li>\n<\/ul>\n<\/div>\n<div class=\"pc-info__title\"><span dir=\"auto\" style=\"vertical-align: inherit;\">Informaci\u00f3n adicional<\/span><\/div>\n<div class=\"pc-info__content\">\n<ul style=\"margin-top: 0px; margin-bottom: 1rem; padding-left: 0px;\">\n<li style=\"font-size: 15px; margin-bottom: 0.25rem;\"><span dir=\"auto\" style=\"vertical-align: inherit;\">&#8211; la instalaci\u00f3n de la cubierta en el hueco reduce el efecto del deslumbramiento<\/span><\/li>\n<li style=\"font-size: 15px; margin-bottom: 0.25rem;\"><span dir=\"auto\" style=\"vertical-align: inherit;\">&#8211; Si elige una longitud de perfiles\/cubiertas diferente a la disponible en el est\u00e1ndar, deber\u00e1 elegir adicionalmente el servicio de corte en KLU\u015a<\/span><\/li>\n<\/ul>\n<\/div>\n","protected":false},"excerpt":{"rendered":"<p>Fuente de luz oculta Amplia gama de accesorios Paredes de perfil liso Solicitud &#8211; iluminaci\u00f3n principal y decorativa Montaje &#8211; a la superficie o suspendido, utilizando accesorios espec\u00edficos Informaci\u00f3n adicional &#8211; la instalaci\u00f3n de la cubierta en el hueco reduce el efecto del deslumbramiento &#8211; Si elige una longitud de perfiles\/cubiertas diferente a la disponible [&hellip;]<\/p>\n","protected":false},"featured_media":4425,"template":"","meta":[],"product_brand":[162],"product_cat":[141],"product_tag":[],"class_list":{"0":"post-2961","1":"product","2":"type-product","3":"status-publish","4":"has-post-thumbnail","6":"product_brand-klus","7":"product_cat-perfile-negro","9":"first","10":"instock","11":"shipping-taxable","12":"product-type-simple"},"_links":{"self":[{"href":"https:\/\/evolucionbmp.com\/index.php?rest_route=\/wp\/v2\/product\/2961","targetHints":{"allow":["GET"]}}],"collection":[{"href":"https:\/\/evolucionbmp.com\/index.php?rest_route=\/wp\/v2\/product"}],"about":[{"href":"https:\/\/evolucionbmp.com\/index.php?rest_route=\/wp\/v2\/types\/product"}],"wp:featuredmedia":[{"embeddable":true,"href":"https:\/\/evolucionbmp.com\/index.php?rest_route=\/wp\/v2\/media\/4425"}],"wp:attachment":[{"href":"https:\/\/evolucionbmp.com\/index.php?rest_route=%2Fwp%2Fv2%2Fmedia&parent=2961"}],"wp:term":[{"taxonomy":"product_brand","embeddable":true,"href":"https:\/\/evolucionbmp.com\/index.php?rest_route=%2Fwp%2Fv2%2Fproduct_brand&post=2961"},{"taxonomy":"product_cat","embeddable":true,"href":"https:\/\/evolucionbmp.com\/index.php?rest_route=%2Fwp%2Fv2%2Fproduct_cat&post=2961"},{"taxonomy":"product_tag","embeddable":true,"href":"https:\/\/evolucionbmp.com\/index.php?rest_route=%2Fwp%2Fv2%2Fproduct_tag&post=2961"}],"curies":[{"name":"wp","href":"https:\/\/api.w.org\/{rel}","templated":true}]}}