      {"id":2797,"date":"2025-12-01T00:50:21","date_gmt":"2025-12-01T00:50:21","guid":{"rendered":"https:\/\/prueba.jabutec.com.do\/?product=macetero-led-pbg-3050f-30x30x50cm-c-control-remoto-3"},"modified":"2026-04-05T12:11:26","modified_gmt":"2026-04-05T12:11:26","slug":"macetero-led-pbg-3050f-30x30x50cm-c-control-remoto-3","status":"publish","type":"product","link":"https:\/\/evolucionbmp.com\/?product=macetero-led-pbg-3050f-30x30x50cm-c-control-remoto-3","title":{"rendered":"Maceta LED PE RBG-6050F  (tarro)"},"content":{"rendered":"<p><span class=\"a-list-item\">Diversas opciones de color para un ambiente sin fin: con 16 opciones de colores vibrantes, nuestra maceta de jard\u00edn LED es muy f\u00e1cil de personalizar. Ya sea una fiesta animada, un evento especial o simplemente para mejorar tu espacio de vida diario, estas macetas brillantes pueden combinar sin esfuerzo con cualquier tema o estado de \u00e1nimo. La capacidad de cambiar colores al instante crea una atm\u00f3sfera \u00fanica y cautivadora, convirti\u00e9ndolas en las favoritas de quienes buscan a\u00f1adir un toque de magia a su entorno<\/span><\/p>\n","protected":false},"excerpt":{"rendered":"<p><span class=\"a-list-item\">\u00a0Esta l\u00e1mpara de maceta LED ha demostrado ser la opci\u00f3n perfecta para una amplia gama de entornos. En los hogares, a\u00f1ade un toque moderno y elegante a cualquier habitaci\u00f3n, ya sea la sala de estar, el dormitorio o incluso el patio. Para los hoteles, ofrece un ambiente elegante y acogedor en vest\u00edbulos, jardines o habitaciones. Los centros comerciales lo encuentran una excelente manera de atraer clientes con su dise\u00f1o llamativo, y los jardines se transforman en oasis encantadores. Su elegante dise\u00f1o complementa cualquier decoraci\u00f3n, por lo que es un art\u00edculo muy buscado a diario <\/span><\/p>\n","protected":false},"featured_media":5234,"template":"","meta":[],"product_brand":[],"product_cat":[164,137],"product_tag":[],"class_list":{"0":"post-2797","1":"product","2":"type-product","3":"status-publish","4":"has-post-thumbnail","6":"product_cat-outlet","7":"product_cat-otros-decoracion-led","9":"first","10":"instock","11":"shipping-taxable","12":"product-type-simple"},"_links":{"self":[{"href":"https:\/\/evolucionbmp.com\/index.php?rest_route=\/wp\/v2\/product\/2797","targetHints":{"allow":["GET"]}}],"collection":[{"href":"https:\/\/evolucionbmp.com\/index.php?rest_route=\/wp\/v2\/product"}],"about":[{"href":"https:\/\/evolucionbmp.com\/index.php?rest_route=\/wp\/v2\/types\/product"}],"wp:featuredmedia":[{"embeddable":true,"href":"https:\/\/evolucionbmp.com\/index.php?rest_route=\/wp\/v2\/media\/5234"}],"wp:attachment":[{"href":"https:\/\/evolucionbmp.com\/index.php?rest_route=%2Fwp%2Fv2%2Fmedia&parent=2797"}],"wp:term":[{"taxonomy":"product_brand","embeddable":true,"href":"https:\/\/evolucionbmp.com\/index.php?rest_route=%2Fwp%2Fv2%2Fproduct_brand&post=2797"},{"taxonomy":"product_cat","embeddable":true,"href":"https:\/\/evolucionbmp.com\/index.php?rest_route=%2Fwp%2Fv2%2Fproduct_cat&post=2797"},{"taxonomy":"product_tag","embeddable":true,"href":"https:\/\/evolucionbmp.com\/index.php?rest_route=%2Fwp%2Fv2%2Fproduct_tag&post=2797"}],"curies":[{"name":"wp","href":"https:\/\/api.w.org\/{rel}","templated":true}]}}