      {"id":2636,"date":"2025-12-01T00:41:59","date_gmt":"2025-12-01T00:41:59","guid":{"rendered":"https:\/\/prueba.jabutec.com.do\/?product=producto-114"},"modified":"2026-04-05T14:07:45","modified_gmt":"2026-04-05T14:07:45","slug":"producto-114","status":"publish","type":"product","link":"https:\/\/evolucionbmp.com\/?product=producto-114","title":{"rendered":"Lampara de techo 25W 6500K CON SENSOR INFRARROJO 85-165V 2250lms"},"content":{"rendered":"<h1 class=\"text-size-xl-resp font-bold\" data-testid=\"product-name\"><span dir=\"auto\">L\u00e1mpara de techo LED moderna con sensor de movimiento, panel redondo, ideal para pasillo, cocina y ba\u00f1o.<\/span><\/h1>\n","protected":false},"excerpt":{"rendered":"<h3 class=\"mb-md pt-lg first:pt-0\"><span dir=\"auto\">Informaci\u00f3n del producto<\/span><\/h3>\n<p class=\"mb-md whitespace-break-spaces\"><span dir=\"auto\">Acerca de este art\u00edculo Sensor incorporado: La l\u00e1mpara de techo plana se encender\u00e1 autom\u00e1ticamente cuando la luz sea baja (&lt;10 lux) y el detector detecte movimiento. Un sensor crepuscular asegura que las luces no se enciendan cuando la luz del d\u00eda sea lo suficientemente brillante. Es m\u00e1s eficiente energ\u00e9ticamente y ahorra energ\u00eda, por lo que no tendr\u00e1 que preocuparse por el consumo de energ\u00eda durante el d\u00eda. Sensor de movimiento inteligente: Cuando el detector de movimiento detecta movimiento dentro de un radio de 3 a 5 metros, la l\u00e1mpara de techo LED se encender\u00e1 autom\u00e1ticamente. Si no se detecta movimiento despu\u00e9s de 40 segundos, la l\u00e1mpara de techo se apagar\u00e1 autom\u00e1ticamente, por lo que ya no tendr\u00e1 que preocuparse por desperdiciar energ\u00eda si olvida apagar la luz. S\u00faper brillante y de bajo consumo: L\u00e1mparas de techo de cocina de 25 W, el brillo alcanza los 2250 LM, lo que garantiza una iluminaci\u00f3n suficiente en la habitaci\u00f3n. Gracias a la \u00faltima tecnolog\u00eda LED, las l\u00e1mparas de techo LED pueden ahorrar m\u00e1s del 85 % en la factura de electricidad en comparaci\u00f3n con las l\u00e1mparas incandescentes de 120 W del mismo brillo, lo que las hace m\u00e1s econ\u00f3micas y ahorran energ\u00eda. Triple protecci\u00f3n: La iluminaci\u00f3n de techo adopta un dise\u00f1o totalmente cerrado e impermeable, que es eficaz contra el agua, los mosquitos y el polvo. Proporciona una iluminaci\u00f3n fiable para balcones o entradas exteriores, incluso en d\u00edas de lluvia. Su uso prolongado no crea sombras ni zonas oscuras, manteniendo un aspecto impecable durante a\u00f1os sin necesidad de limpieza. Ampliamente utilizada: La luz LED para ba\u00f1o est\u00e1 fabricada con un material de alta transmisi\u00f3n de luz, que ilumina la habitaci\u00f3n con una luz m\u00e1s uniforme y suave. Su moderno dise\u00f1o exterior se adapta perfectamente a la mayor\u00eda de los estilos de decoraci\u00f3n. Ideal para balcones, pasillos, porches, garajes, entradas, lavaderos, porches delanteros y traseros, escaleras, etc., de 10 a 15 m\u00b2.<\/span><\/p>\n","protected":false},"featured_media":5864,"template":"","meta":[],"product_brand":[],"product_cat":[114],"product_tag":[],"class_list":{"0":"post-2636","1":"product","2":"type-product","3":"status-publish","4":"has-post-thumbnail","6":"product_cat-lamparas-de-techo","8":"first","9":"instock","10":"shipping-taxable","11":"product-type-simple"},"_links":{"self":[{"href":"https:\/\/evolucionbmp.com\/index.php?rest_route=\/wp\/v2\/product\/2636","targetHints":{"allow":["GET"]}}],"collection":[{"href":"https:\/\/evolucionbmp.com\/index.php?rest_route=\/wp\/v2\/product"}],"about":[{"href":"https:\/\/evolucionbmp.com\/index.php?rest_route=\/wp\/v2\/types\/product"}],"wp:featuredmedia":[{"embeddable":true,"href":"https:\/\/evolucionbmp.com\/index.php?rest_route=\/wp\/v2\/media\/5864"}],"wp:attachment":[{"href":"https:\/\/evolucionbmp.com\/index.php?rest_route=%2Fwp%2Fv2%2Fmedia&parent=2636"}],"wp:term":[{"taxonomy":"product_brand","embeddable":true,"href":"https:\/\/evolucionbmp.com\/index.php?rest_route=%2Fwp%2Fv2%2Fproduct_brand&post=2636"},{"taxonomy":"product_cat","embeddable":true,"href":"https:\/\/evolucionbmp.com\/index.php?rest_route=%2Fwp%2Fv2%2Fproduct_cat&post=2636"},{"taxonomy":"product_tag","embeddable":true,"href":"https:\/\/evolucionbmp.com\/index.php?rest_route=%2Fwp%2Fv2%2Fproduct_tag&post=2636"}],"curies":[{"name":"wp","href":"https:\/\/api.w.org\/{rel}","templated":true}]}}